{"id":71,"date":"2024-12-11T18:46:02","date_gmt":"2024-12-11T17:46:02","guid":{"rendered":"https:\/\/opoka.gliwice.pl\/?page_id=71"},"modified":"2024-12-23T20:03:36","modified_gmt":"2024-12-23T19:03:36","slug":"zamowienia-publiczne","status":"publish","type":"page","link":"https:\/\/opoka.gliwice.pl\/index.php\/zamowienia-publiczne\/","title":{"rendered":"Zam\u00f3wienia Publiczne"},"content":{"rendered":"\t\t<div data-elementor-type=\"wp-page\" data-elementor-id=\"71\" class=\"elementor elementor-71\">\n\t\t\t\t<div class=\"elementor-element elementor-element-3cc4490f e-flex e-con-boxed e-con e-parent\" data-id=\"3cc4490f\" data-element_type=\"container\" data-e-type=\"container\">\n\t\t\t\t\t<div class=\"e-con-inner\">\n\t\t\t\t<div class=\"elementor-element elementor-element-2a72568b elementor-widget elementor-widget-hfe-breadcrumbs-widget\" data-id=\"2a72568b\" data-element_type=\"widget\" data-e-type=\"widget\" data-widget_type=\"hfe-breadcrumbs-widget.default\">\n\t\t\t\t<div class=\"elementor-widget-container\">\n\t\t\t\t\t<nav aria-label=\"Breadcrumb\"><ul class=\"hfe-breadcrumbs hfe-breadcrumbs-show-home\"><li class=\"hfe-breadcrumbs-item hfe-breadcrumbs-first\"><span class=\"hfe-breadcrumbs-home-icon\"><svg aria-hidden=\"true\" class=\"e-font-icon-svg e-fas-home\" viewBox=\"0 0 576 512\" xmlns=\"http:\/\/www.w3.org\/2000\/svg\"><path d=\"M280.37 148.26L96 300.11V464a16 16 0 0 0 16 16l112.06-.29a16 16 0 0 0 15.92-16V368a16 16 0 0 1 16-16h64a16 16 0 0 1 16 16v95.64a16 16 0 0 0 16 16.05L464 480a16 16 0 0 0 16-16V300L295.67 148.26a12.19 12.19 0 0 0-15.3 0zM571.6 251.47L488 182.56V44.05a12 12 0 0 0-12-12h-56a12 12 0 0 0-12 12v72.61L318.47 43a48 48 0 0 0-61 0L4.34 251.47a12 12 0 0 0-1.6 16.9l25.5 31A12 12 0 0 0 45.15 301l235.22-193.74a12.19 12.19 0 0 1 15.3 0L530.9 301a12 12 0 0 0 16.9-1.6l25.5-31a12 12 0 0 0-1.7-16.93z\"><\/path><\/svg><\/span><a href=\"https:\/\/opoka.gliwice.pl\"><span class=\"hfe-breadcrumbs-text\">Start<\/span><\/a><\/li><\/ul><\/nav>\t\t\t\t<\/div>\n\t\t\t\t<\/div>\n\t\t\t\t\t<\/div>\n\t\t\t\t<\/div>\n\t\t<div class=\"elementor-element elementor-element-54001e8c e-flex e-con-boxed e-con e-parent\" data-id=\"54001e8c\" data-element_type=\"container\" data-e-type=\"container\">\n\t\t\t\t\t<div class=\"e-con-inner\">\n\t\t\t\t<div class=\"elementor-element elementor-element-4f665add animated-slow elementor-invisible elementor-widget elementor-widget-heading\" data-id=\"4f665add\" data-element_type=\"widget\" data-e-type=\"widget\" data-settings=\"{&quot;_animation&quot;:&quot;fadeIn&quot;}\" data-widget_type=\"heading.default\">\n\t\t\t\t<div class=\"elementor-widget-container\">\n\t\t\t\t\t<h2 class=\"elementor-heading-title elementor-size-default\">Zam\u00f3wienia Publiczne<\/h2>\t\t\t\t<\/div>\n\t\t\t\t<\/div>\n\t\t\t\t<div class=\"elementor-element elementor-element-1cadefa animated-slow elementor-widget-divider--view-line elementor-invisible elementor-widget elementor-widget-divider\" data-id=\"1cadefa\" data-element_type=\"widget\" data-e-type=\"widget\" data-settings=\"{&quot;_animation&quot;:&quot;fadeInRight&quot;}\" data-widget_type=\"divider.default\">\n\t\t\t\t<div class=\"elementor-widget-container\">\n\t\t\t\t\t\t\t<div class=\"elementor-divider\">\n\t\t\t<span class=\"elementor-divider-separator\">\n\t\t\t\t\t\t<\/span>\n\t\t<\/div>\n\t\t\t\t\t\t<\/div>\n\t\t\t\t<\/div>\n\t\t\t\t\t<\/div>\n\t\t\t\t<\/div>\n\t\t<div class=\"elementor-element elementor-element-5bdb59db e-flex e-con-boxed e-con e-parent\" data-id=\"5bdb59db\" data-element_type=\"container\" data-e-type=\"container\">\n\t\t\t\t\t<div class=\"e-con-inner\">\n\t\t\t\t<div class=\"elementor-element elementor-element-2569581 elementor-grid-1 elementor-grid-tablet-1 elementor-grid-mobile-1 elementor-widget elementor-widget-elementor-blog-posts\" data-id=\"2569581\" data-element_type=\"widget\" data-e-type=\"widget\" data-settings=\"{&quot;columns&quot;:&quot;1&quot;,&quot;columns_tablet&quot;:&quot;1&quot;,&quot;columns_mobile&quot;:&quot;1&quot;}\" data-widget_type=\"elementor-blog-posts.default\">\n\t\t\t\t<div class=\"elementor-widget-container\">\n\t\t\t\t\t\t\t<div class=\"wpcap-grid\">\n\t\t\t\t\t\t<div class=\"wpcap-grid-container elementor-grid wpcap-grid-desktop-1 wpcap-grid-tablet-1 wpcap-grid-mobile-1\">\n\n\t\t\t\t\n        <article id=\"post-703\" class=\"wpcap-post post-703 post type-post status-publish format-standard hentry category-zamowienia-publiczne\">\n         \n            <div class=\"post-grid-inner\">\n            \t\n            \t\n                <div class=\"post-grid-text-wrap\">\n               \t\t\t\t<h3 class=\"title\">\n\t\t\t<a href=\"https:\/\/opoka.gliwice.pl\/index.php\/2025\/08\/04\/zapytanie-ofertowe-na-malowanie-pokoi-oraz-pomieszczen-socjalnych\/\">Zapytanie ofertowe na: Malowanie pokoi oraz pomieszcze\u0144 socjalnych<\/a>\n\t\t<\/h3>\n\t\t\t                \t\t<div class=\"post-grid-meta\">\n\t\t\t\n\t\t\t\t<span class=\"post-date\"><time datetime=\"2025-08-04T18:35:36+02:00\">04\/08\/2025<\/time><\/span>\n\n\t\t\t\t\t\t<\/div>\n\t\t\t                \t\t<div class=\"post-grid-excerpt\">\n\t\t\t<p>W zwi\u0105zku z zamiarem realizacji zadania bud\u017cetowego zwracamy si\u0119 z uprzejm\u0105 pro\u015bb\u0105 o przed\u0142o\u017cenie oferty cenowej na: Prace remontowe polegaj\u0105ce na: Malowaniu pokoi oraz pomieszcze\u0144&hellip;<\/p>\n\t\t<\/div>\n\t\t\t                \t\t<a class=\"read-more-btn\" href=\"https:\/\/opoka.gliwice.pl\/index.php\/2025\/08\/04\/zapytanie-ofertowe-na-malowanie-pokoi-oraz-pomieszczen-socjalnych\/\">Czytaj dalej \u00bb<\/a>\n\t\t                <\/div>\n\n            <\/div><!-- .blog-inner -->\n           \n        <\/article>\n\n        \n        <article id=\"post-675\" class=\"wpcap-post post-675 post type-post status-publish format-standard hentry category-zamowienia-publiczne\">\n         \n            <div class=\"post-grid-inner\">\n            \t\n            \t\n                <div class=\"post-grid-text-wrap\">\n               \t\t\t\t<h3 class=\"title\">\n\t\t\t<a href=\"https:\/\/opoka.gliwice.pl\/index.php\/2025\/04\/24\/zapytanie-ofertowe-2025-04-24\/\">Zapytanie Ofertowe 2025-04-24<\/a>\n\t\t<\/h3>\n\t\t\t                \t\t<div class=\"post-grid-meta\">\n\t\t\t\n\t\t\t\t<span class=\"post-date\"><time datetime=\"2025-04-24T07:30:40+02:00\">24\/04\/2025<\/time><\/span>\n\n\t\t\t\t\t\t<\/div>\n\t\t\t                \t\t<div class=\"post-grid-excerpt\">\n\t\t\t<p>ZAPYTANIE OFERTOWE NA PRACE REMONTOWE W DPS \u201eOPOKA\u201d bez stosowania Ustawy Pzp, kt\u00f3rej warto\u015b\u0107 nie przekracza wyra\u017conej w z\u0142otych r\u00f3wnowarto\u015bci kwoty, o kt\u00f3rej mowa w&hellip;<\/p>\n\t\t<\/div>\n\t\t\t                \t\t<a class=\"read-more-btn\" href=\"https:\/\/opoka.gliwice.pl\/index.php\/2025\/04\/24\/zapytanie-ofertowe-2025-04-24\/\">Czytaj dalej \u00bb<\/a>\n\t\t                <\/div>\n\n            <\/div><!-- .blog-inner -->\n           \n        <\/article>\n\n        \n        <article id=\"post-75\" class=\"wpcap-post post-75 post type-post status-publish format-standard hentry category-zamowienia-publiczne\">\n         \n            <div class=\"post-grid-inner\">\n            \t\n            \t\n                <div class=\"post-grid-text-wrap\">\n               \t\t\t\t<h3 class=\"title\">\n\t\t\t<a href=\"https:\/\/opoka.gliwice.pl\/index.php\/2024\/11\/19\/zapytanie-ofertowe-2024-11-19\/\">Zapytanie ofertowe 2024-11-19<\/a>\n\t\t<\/h3>\n\t\t\t                \t\t<div class=\"post-grid-meta\">\n\t\t\t\n\t\t\t\t<span class=\"post-date\"><time datetime=\"2024-11-19T18:48:00+01:00\">19\/11\/2024<\/time><\/span>\n\n\t\t\t\t\t\t<\/div>\n\t\t\t                \t\t<div class=\"post-grid-excerpt\">\n\t\t\t<p>W zwi\u0105zku z&nbsp;zamiarem realizacji zadania bud\u017cetowego zwracamy si\u0119 z&nbsp;pro\u015bb\u0105 o&nbsp;przed\u0142o\u017cenie oferty cenowej&nbsp;na: Dostaw\u0119 Pieczywa dla DPS \u201eOPOKA\u201d w&nbsp;Gliwicach. Ofert\u0119 prosimy dostarczy\u0107 do dnia 26.11.2024. do&hellip;<\/p>\n\t\t<\/div>\n\t\t\t                \t\t<a class=\"read-more-btn\" href=\"https:\/\/opoka.gliwice.pl\/index.php\/2024\/11\/19\/zapytanie-ofertowe-2024-11-19\/\">Czytaj dalej \u00bb<\/a>\n\t\t                <\/div>\n\n            <\/div><!-- .blog-inner -->\n           \n        <\/article>\n\n        \n        <article id=\"post-77\" class=\"wpcap-post post-77 post type-post status-publish format-standard hentry category-zamowienia-publiczne\">\n         \n            <div class=\"post-grid-inner\">\n            \t\n            \t\n                <div class=\"post-grid-text-wrap\">\n               \t\t\t\t<h3 class=\"title\">\n\t\t\t<a href=\"https:\/\/opoka.gliwice.pl\/index.php\/2024\/05\/08\/zapytanie-ofertowe-2024-05-08\/\">Zapytanie ofertowe 2024-05-08<\/a>\n\t\t<\/h3>\n\t\t\t                \t\t<div class=\"post-grid-meta\">\n\t\t\t\n\t\t\t\t<span class=\"post-date\"><time datetime=\"2024-05-08T18:50:00+02:00\">08\/05\/2024<\/time><\/span>\n\n\t\t\t\t\t\t<\/div>\n\t\t\t                \t\t<div class=\"post-grid-excerpt\">\n\t\t\t<p>W zwi\u0105zku z&nbsp;zamiarem realizacji zadania bud\u017cetowego&nbsp;zwracamy si\u0119 z&nbsp;uprzejm\u0105 pro\u015bb\u0105 o&nbsp;przed\u0142o\u017cenie oferty cenowej na: Odbi\u00f3r i&nbsp;zagospodarowanie odpad\u00f3w komunalnych z&nbsp;posesji&nbsp;Domu Pomocy Spo\u0142ecznej \u201eOPOKA\u201d w&nbsp;Gliwicach Ofert\u0119 prosimy przes\u0142a\u0107&hellip;<\/p>\n\t\t<\/div>\n\t\t\t                \t\t<a class=\"read-more-btn\" href=\"https:\/\/opoka.gliwice.pl\/index.php\/2024\/05\/08\/zapytanie-ofertowe-2024-05-08\/\">Czytaj dalej \u00bb<\/a>\n\t\t                <\/div>\n\n            <\/div><!-- .blog-inner -->\n           \n        <\/article>\n\n        \n        <article id=\"post-351\" class=\"wpcap-post post-351 post type-post status-publish format-standard hentry category-zamowienia-publiczne\">\n         \n            <div class=\"post-grid-inner\">\n            \t\n            \t\n                <div class=\"post-grid-text-wrap\">\n               \t\t\t\t<h3 class=\"title\">\n\t\t\t<a href=\"https:\/\/opoka.gliwice.pl\/index.php\/2022\/05\/10\/zapytanie-ofertowe-2022-05-11\/\">Zapytanie ofertowe 2022-05-11<\/a>\n\t\t<\/h3>\n\t\t\t                \t\t<div class=\"post-grid-meta\">\n\t\t\t\n\t\t\t\t<span class=\"post-date\"><time datetime=\"2022-05-10T23:33:00+02:00\">10\/05\/2022<\/time><\/span>\n\n\t\t\t\t\t\t<\/div>\n\t\t\t                \t\t<div class=\"post-grid-excerpt\">\n\t\t\t<p>W zwi\u0105zku z&nbsp;zamiarem realizacji zadania bud\u017cetowego&nbsp;zwracamy si\u0119 z&nbsp;uprzejm\u0105 pro\u015bb\u0105 o&nbsp;przed\u0142o\u017cenie oferty cenowej na:&nbsp;Odbi\u00f3r i&nbsp;zagospodarowanie odpad\u00f3w komunalnych z&nbsp;posesjiDomu Pomocy Spo\u0142ecznej \u201eOPOKA\u201d w&nbsp;Gliwicach.&nbsp; Ofert\u0119 prosimy przes\u0142a\u0107 do&hellip;<\/p>\n\t\t<\/div>\n\t\t\t                \t\t<a class=\"read-more-btn\" href=\"https:\/\/opoka.gliwice.pl\/index.php\/2022\/05\/10\/zapytanie-ofertowe-2022-05-11\/\">Czytaj dalej \u00bb<\/a>\n\t\t                <\/div>\n\n            <\/div><!-- .blog-inner -->\n           \n        <\/article>\n\n        \n        <article id=\"post-362\" class=\"wpcap-post post-362 post type-post status-publish format-standard hentry category-zamowienia-publiczne\">\n         \n            <div class=\"post-grid-inner\">\n            \t\n            \t\n                <div class=\"post-grid-text-wrap\">\n               \t\t\t\t<h3 class=\"title\">\n\t\t\t<a href=\"https:\/\/opoka.gliwice.pl\/index.php\/2022\/01\/11\/plan-postepowan-o-udzielenie-zamowien-na-rok-2022\/\">Plan post\u0119powa\u0144 o udzielenie zam\u00f3wie\u0144 na rok 2022<\/a>\n\t\t<\/h3>\n\t\t\t                \t\t<div class=\"post-grid-meta\">\n\t\t\t\n\t\t\t\t<span class=\"post-date\"><time datetime=\"2022-01-11T23:53:00+01:00\">11\/01\/2022<\/time><\/span>\n\n\t\t\t\t\t\t<\/div>\n\t\t\t                \t\t<div class=\"post-grid-excerpt\">\n\t\t\t<p>Plan post\u0119powa\u0144 o&nbsp;udzielenie zam\u00f3wie\u0144 na rok 2022 Zamieszczony w&nbsp;Biuletynie Zam\u00f3wie\u0144 Publicznych w&nbsp;dniu 11.01.2022 nr 2022\/BZP 00011069\/01\/P Pobierz<\/p>\n\t\t<\/div>\n\t\t\t                \t\t<a class=\"read-more-btn\" href=\"https:\/\/opoka.gliwice.pl\/index.php\/2022\/01\/11\/plan-postepowan-o-udzielenie-zamowien-na-rok-2022\/\">Czytaj dalej \u00bb<\/a>\n\t\t                <\/div>\n\n            <\/div><!-- .blog-inner -->\n           \n        <\/article>\n\n        \n        <article id=\"post-365\" class=\"wpcap-post post-365 post type-post status-publish format-standard hentry category-zamowienia-publiczne\">\n         \n            <div class=\"post-grid-inner\">\n            \t\n            \t\n                <div class=\"post-grid-text-wrap\">\n               \t\t\t\t<h3 class=\"title\">\n\t\t\t<a href=\"https:\/\/opoka.gliwice.pl\/index.php\/2021\/11\/29\/zapytanie-ofertowe-29-11-2021\/\">Zapytanie ofertowe 29.11.2021<\/a>\n\t\t<\/h3>\n\t\t\t                \t\t<div class=\"post-grid-meta\">\n\t\t\t\n\t\t\t\t<span class=\"post-date\"><time datetime=\"2021-11-29T23:55:00+01:00\">29\/11\/2021<\/time><\/span>\n\n\t\t\t\t\t\t<\/div>\n\t\t\t                \t\t<div class=\"post-grid-excerpt\">\n\t\t\t<p>ZAPYTANIE OFERTOWEW zwi\u0105zku z&nbsp;zamiarem realizacji zadania bud\u017cetowego zwracamy si\u0119 z&nbsp;pro\u015bb\u0105 o&nbsp;przed\u0142o\u017cenie ofertycenowej na Dostaw\u0119 Pieczywa dla DPS \u201eOPOKA\u201d. Za\u0142\u0105czniki<\/p>\n\t\t<\/div>\n\t\t\t                \t\t<a class=\"read-more-btn\" href=\"https:\/\/opoka.gliwice.pl\/index.php\/2021\/11\/29\/zapytanie-ofertowe-29-11-2021\/\">Czytaj dalej \u00bb<\/a>\n\t\t                <\/div>\n\n            <\/div><!-- .blog-inner -->\n           \n        <\/article>\n\n        \n        <article id=\"post-371\" class=\"wpcap-post post-371 post type-post status-publish format-standard hentry category-zamowienia-publiczne\">\n         \n            <div class=\"post-grid-inner\">\n            \t\n            \t\n                <div class=\"post-grid-text-wrap\">\n               \t\t\t\t<h3 class=\"title\">\n\t\t\t<a href=\"https:\/\/opoka.gliwice.pl\/index.php\/2021\/05\/06\/informacja-o-wynikach-postepowania\/\">Informacja o wynikach post\u0119powania<\/a>\n\t\t<\/h3>\n\t\t\t                \t\t<div class=\"post-grid-meta\">\n\t\t\t\n\t\t\t\t<span class=\"post-date\"><time datetime=\"2021-05-06T23:59:00+02:00\">06\/05\/2021<\/time><\/span>\n\n\t\t\t\t\t\t<\/div>\n\t\t\t                \t\t<div class=\"post-grid-excerpt\">\n\t\t\t<p>Informacja o&nbsp;wynikach post\u0119powania o&nbsp;udzielenie zam\u00f3wienia na: Prace remontowe w&nbsp;Domu Pomocy Spo\u0142ecznej OPOKA Za\u0142\u0105cznik: Informacja o\u00a0wynikach post\u0119powania<\/p>\n\t\t<\/div>\n\t\t\t                \t\t<a class=\"read-more-btn\" href=\"https:\/\/opoka.gliwice.pl\/index.php\/2021\/05\/06\/informacja-o-wynikach-postepowania\/\">Czytaj dalej \u00bb<\/a>\n\t\t                <\/div>\n\n            <\/div><!-- .blog-inner -->\n           \n        <\/article>\n\n        \n        <article id=\"post-374\" class=\"wpcap-post post-374 post type-post status-publish format-standard hentry category-zamowienia-publiczne\">\n         \n            <div class=\"post-grid-inner\">\n            \t\n            \t\n                <div class=\"post-grid-text-wrap\">\n               \t\t\t\t<h3 class=\"title\">\n\t\t\t<a href=\"https:\/\/opoka.gliwice.pl\/index.php\/2021\/04\/22\/informacja-z-otwarcia-ofert\/\">Informacja z otwarcia ofert<\/a>\n\t\t<\/h3>\n\t\t\t                \t\t<div class=\"post-grid-meta\">\n\t\t\t\n\t\t\t\t<span class=\"post-date\"><time datetime=\"2021-04-22T00:00:00+02:00\">22\/04\/2021<\/time><\/span>\n\n\t\t\t\t\t\t<\/div>\n\t\t\t                \t\t<div class=\"post-grid-excerpt\">\n\t\t\t<p>Informacja z\u00a0otwarcia ofert<\/p>\n\t\t<\/div>\n\t\t\t                \t\t<a class=\"read-more-btn\" href=\"https:\/\/opoka.gliwice.pl\/index.php\/2021\/04\/22\/informacja-z-otwarcia-ofert\/\">Czytaj dalej \u00bb<\/a>\n\t\t                <\/div>\n\n            <\/div><!-- .blog-inner -->\n           \n        <\/article>\n\n        \n        <article id=\"post-381\" class=\"wpcap-post post-381 post type-post status-publish format-standard hentry category-zamowienia-publiczne\">\n         \n            <div class=\"post-grid-inner\">\n            \t\n            \t\n                <div class=\"post-grid-text-wrap\">\n               \t\t\t\t<h3 class=\"title\">\n\t\t\t<a href=\"https:\/\/opoka.gliwice.pl\/index.php\/2021\/04\/09\/zawiadomienie-o-modyfikacji-zalacznika-nr-1-tj-przedmiaru-robot-zapytania-ofertowego\/\">ZAWIADOMIENIE o modyfikacji ZA\u0141\u0104CZNIKA NR 1 tj. \u201ePrzedmiaru rob\u00f3t\u201d zapytania ofertowego<\/a>\n\t\t<\/h3>\n\t\t\t                \t\t<div class=\"post-grid-meta\">\n\t\t\t\n\t\t\t\t<span class=\"post-date\"><time datetime=\"2021-04-09T00:06:00+02:00\">09\/04\/2021<\/time><\/span>\n\n\t\t\t\t\t\t<\/div>\n\t\t\t                \t\t<div class=\"post-grid-excerpt\">\n\t\t\t<p>Oznaczenie sprawy:DPSP.271.2.1.2021 Kor. Nr: DPSP.1650.2021 Zamawiaj\u0105cy: Dom Pomocy Spo\u0142ecznej \u201eOPOKA\u201d 44-100 Gliwice, ul. Pszczy\u0144ska 100 ZAWIADOMIENIE o modyfikacji ZA\u0141\u0104CZNIKA NR 1 tj. \u201ePrzedmiaru rob\u00f3t\u201d zapytania&hellip;<\/p>\n\t\t<\/div>\n\t\t\t                \t\t<a class=\"read-more-btn\" href=\"https:\/\/opoka.gliwice.pl\/index.php\/2021\/04\/09\/zawiadomienie-o-modyfikacji-zalacznika-nr-1-tj-przedmiaru-robot-zapytania-ofertowego\/\">Czytaj dalej \u00bb<\/a>\n\t\t                <\/div>\n\n            <\/div><!-- .blog-inner -->\n           \n        <\/article>\n\n        \n        <article id=\"post-394\" class=\"wpcap-post post-394 post type-post status-publish format-standard hentry category-zamowienia-publiczne\">\n         \n            <div class=\"post-grid-inner\">\n            \t\n            \t\n                <div class=\"post-grid-text-wrap\">\n               \t\t\t\t<h3 class=\"title\">\n\t\t\t<a href=\"https:\/\/opoka.gliwice.pl\/index.php\/2021\/03\/25\/informacja-malowanie\/\">Informacja malowanie<\/a>\n\t\t<\/h3>\n\t\t\t                \t\t<div class=\"post-grid-meta\">\n\t\t\t\n\t\t\t\t<span class=\"post-date\"><time datetime=\"2021-03-25T00:13:00+01:00\">25\/03\/2021<\/time><\/span>\n\n\t\t\t\t\t\t<\/div>\n\t\t\t                \t\t<div class=\"post-grid-excerpt\">\n\t\t\t<p>DPSP.271.2.2021 Gliwice, dnia 25.03.2021r. Dyrektor Domu Pomocy Spo\u0142ecznej \u201eOPOKA\u201d w&nbsp;Gliwicach 44-100 Gliwice, ul. Pszczy\u0144ska 100 zawiadamia, i\u017c w&nbsp;zapytaniu ofertowym pod nazw\u0105: Malowanie korytarzy, klatek schodowych&hellip;<\/p>\n\t\t<\/div>\n\t\t\t                \t\t<a class=\"read-more-btn\" href=\"https:\/\/opoka.gliwice.pl\/index.php\/2021\/03\/25\/informacja-malowanie\/\">Czytaj dalej \u00bb<\/a>\n\t\t                <\/div>\n\n            <\/div><!-- .blog-inner -->\n           \n        <\/article>\n\n        \n        <article id=\"post-385\" class=\"wpcap-post post-385 post type-post status-publish format-standard hentry category-zamowienia-publiczne\">\n         \n            <div class=\"post-grid-inner\">\n            \t\n            \t\n                <div class=\"post-grid-text-wrap\">\n               \t\t\t\t<h3 class=\"title\">\n\t\t\t<a href=\"https:\/\/opoka.gliwice.pl\/index.php\/2021\/03\/25\/zapytanie-ofertowe-25-03-2021\/\">Zapytanie ofertowe 25.03.2021<\/a>\n\t\t<\/h3>\n\t\t\t                \t\t<div class=\"post-grid-meta\">\n\t\t\t\n\t\t\t\t<span class=\"post-date\"><time datetime=\"2021-03-25T00:09:00+01:00\">25\/03\/2021<\/time><\/span>\n\n\t\t\t\t\t\t<\/div>\n\t\t\t                \t\t<div class=\"post-grid-excerpt\">\n\t\t\t<p>Oznaczenie sprawy:DPSP.271.2.1.2021 Kor. Nr: DPSP.1406.2021 Zamawiaj\u0105cy: Dom Pomocy Spo\u0142ecznej \u201eOPOKA\u201d 44-100 Gliwice, ul. Pszczy\u0144ska 100 ZAPYTANIE OFERTOWE NA PRACE REMONTOWE W&nbsp;DPS \u201eOPOKA\u201d Post\u0119powanie prowadzone jest&hellip;<\/p>\n\t\t<\/div>\n\t\t\t                \t\t<a class=\"read-more-btn\" href=\"https:\/\/opoka.gliwice.pl\/index.php\/2021\/03\/25\/zapytanie-ofertowe-25-03-2021\/\">Czytaj dalej \u00bb<\/a>\n\t\t                <\/div>\n\n            <\/div><!-- .blog-inner -->\n           \n        <\/article>\n\n        \n        <article id=\"post-396\" class=\"wpcap-post post-396 post type-post status-publish format-standard hentry category-zamowienia-publiczne\">\n         \n            <div class=\"post-grid-inner\">\n            \t\n            \t\n                <div class=\"post-grid-text-wrap\">\n               \t\t\t\t<h3 class=\"title\">\n\t\t\t<a href=\"https:\/\/opoka.gliwice.pl\/index.php\/2021\/03\/11\/zapytanie-ofertowe-11-03-2021\/\">Zapytanie ofertowe 11.03.2021<\/a>\n\t\t<\/h3>\n\t\t\t                \t\t<div class=\"post-grid-meta\">\n\t\t\t\n\t\t\t\t<span class=\"post-date\"><time datetime=\"2021-03-11T00:14:00+01:00\">11\/03\/2021<\/time><\/span>\n\n\t\t\t\t\t\t<\/div>\n\t\t\t                \t\t<div class=\"post-grid-excerpt\">\n\t\t\t<p>Oznaczenie sprawy:DPSP.271.2.2021Kor. Nr: DPSP.1179.2021 Zamawiaj\u0105cy:Dom Pomocy Spo\u0142ecznej \u201eOPOKA\u201d44-100 Gliwice, ul. Pszczy\u0144ska 100 ZAPYTANIE OFERTOWENA PRACE REMONTOWE W&nbsp;DPS \u201eOPOKA\u201d Post\u0119powanie prowadzone jest w&nbsp;oparciu o&nbsp;wewn\u0119trzny system przeprowadzania&hellip;<\/p>\n\t\t<\/div>\n\t\t\t                \t\t<a class=\"read-more-btn\" href=\"https:\/\/opoka.gliwice.pl\/index.php\/2021\/03\/11\/zapytanie-ofertowe-11-03-2021\/\">Czytaj dalej \u00bb<\/a>\n\t\t                <\/div>\n\n            <\/div><!-- .blog-inner -->\n           \n        <\/article>\n\n        \n        <article id=\"post-405\" class=\"wpcap-post post-405 post type-post status-publish format-standard hentry category-zamowienia-publiczne\">\n         \n            <div class=\"post-grid-inner\">\n            \t\n            \t\n                <div class=\"post-grid-text-wrap\">\n               \t\t\t\t<h3 class=\"title\">\n\t\t\t<a href=\"https:\/\/opoka.gliwice.pl\/index.php\/2020\/12\/07\/ogloszenie-o-wyborze-oferty\/\">Og\u0142oszenie o wyborze oferty<\/a>\n\t\t<\/h3>\n\t\t\t                \t\t<div class=\"post-grid-meta\">\n\t\t\t\n\t\t\t\t<span class=\"post-date\"><time datetime=\"2020-12-07T00:20:00+01:00\">07\/12\/2020<\/time><\/span>\n\n\t\t\t\t\t\t<\/div>\n\t\t\t                \t\t<div class=\"post-grid-excerpt\">\n\t\t\t<p>O G \u0141 O&nbsp;S Z&nbsp;E N I&nbsp;E Dyrektor Domu Pomocy Spo\u0142ecznej \u201eOPOKA\u201d w&nbsp;Gliwicach 44-100 Gliwice, ul. Pszczy\u0144ska 100zawiadamia, i\u017c w&nbsp;zapytaniu ofertowym pod nazw\u0105Dostawa Pieczywa dla&hellip;<\/p>\n\t\t<\/div>\n\t\t\t                \t\t<a class=\"read-more-btn\" href=\"https:\/\/opoka.gliwice.pl\/index.php\/2020\/12\/07\/ogloszenie-o-wyborze-oferty\/\">Czytaj dalej \u00bb<\/a>\n\t\t                <\/div>\n\n            <\/div><!-- .blog-inner -->\n           \n        <\/article>\n\n        \n        <article id=\"post-408\" class=\"wpcap-post post-408 post type-post status-publish format-standard hentry category-zamowienia-publiczne\">\n         \n            <div class=\"post-grid-inner\">\n            \t\n            \t\n                <div class=\"post-grid-text-wrap\">\n               \t\t\t\t<h3 class=\"title\">\n\t\t\t<a href=\"https:\/\/opoka.gliwice.pl\/index.php\/2020\/11\/23\/zapytanie-ofertowe-23-11-2020\/\">Zapytanie ofertowe 23.11.2020<\/a>\n\t\t<\/h3>\n\t\t\t                \t\t<div class=\"post-grid-meta\">\n\t\t\t\n\t\t\t\t<span class=\"post-date\"><time datetime=\"2020-11-23T00:21:00+01:00\">23\/11\/2020<\/time><\/span>\n\n\t\t\t\t\t\t<\/div>\n\t\t\t                \t\t<div class=\"post-grid-excerpt\">\n\t\t\t<p>Zamawiaj\u0105cy: Dom Pomocy Spo\u0142ecznej \u201eOPOKA\u201d 44-100 Gliwice, ul. Pszczy\u0144ska 100 oznaczenie sprawy: DPSP.271.19.2020 nr kor. DPSP.4591.2020 ZAPYTANIE OFERTOWE W zwi\u0105zku z&nbsp;zamiarem realizacji zadania bud\u017cetowego zwracamy&hellip;<\/p>\n\t\t<\/div>\n\t\t\t                \t\t<a class=\"read-more-btn\" href=\"https:\/\/opoka.gliwice.pl\/index.php\/2020\/11\/23\/zapytanie-ofertowe-23-11-2020\/\">Czytaj dalej \u00bb<\/a>\n\t\t                <\/div>\n\n            <\/div><!-- .blog-inner -->\n           \n        <\/article>\n\n        \n\t\t\t<\/div>\n\t\t<\/div>\n\t\t\t\t\t\t<\/div>\n\t\t\t\t<\/div>\n\t\t\t\t\t<\/div>\n\t\t\t\t<\/div>\n\t\t\t\t<\/div>\n\t\t","protected":false},"excerpt":{"rendered":"<p>Start Zam\u00f3wienia Publiczne Zapytanie ofertowe 2024-11-19 19\/11\/2024 W zwi\u0105zku z&nbsp;zamiarem realizacji zadania bud\u017cetowego zwracamy si\u0119 z&nbsp;pro\u015bb\u0105 o&nbsp;przed\u0142o\u017cenie oferty cenowej&nbsp;na: Dostaw\u0119 Pieczywa dla DPS \u201eOPOKA\u201d w&nbsp;Gliwicach. Ofert\u0119 prosimy dostarczy\u0107 do dnia 26.11.2024. do godz. 10.00 na adres: Dom Pomocy Spo\u0142ecznej \u201eOPOKA\u201d 44-100 Gliwice, ul. Pszczy\u0144ska 100 I&nbsp;pi\u0119tro &#8211; sekretariat; lub przes\u0142a\u0107 na adres: Dom Pomocy Spo\u0142ecznej [&hellip;]<\/p>\n","protected":false},"author":1,"featured_media":0,"parent":0,"menu_order":0,"comment_status":"closed","ping_status":"closed","template":"","meta":{"footnotes":""},"class_list":["post-71","page","type-page","status-publish","hentry"],"_links":{"self":[{"href":"https:\/\/opoka.gliwice.pl\/index.php\/wp-json\/wp\/v2\/pages\/71","targetHints":{"allow":["GET"]}}],"collection":[{"href":"https:\/\/opoka.gliwice.pl\/index.php\/wp-json\/wp\/v2\/pages"}],"about":[{"href":"https:\/\/opoka.gliwice.pl\/index.php\/wp-json\/wp\/v2\/types\/page"}],"author":[{"embeddable":true,"href":"https:\/\/opoka.gliwice.pl\/index.php\/wp-json\/wp\/v2\/users\/1"}],"replies":[{"embeddable":true,"href":"https:\/\/opoka.gliwice.pl\/index.php\/wp-json\/wp\/v2\/comments?post=71"}],"version-history":[{"count":10,"href":"https:\/\/opoka.gliwice.pl\/index.php\/wp-json\/wp\/v2\/pages\/71\/revisions"}],"predecessor-version":[{"id":610,"href":"https:\/\/opoka.gliwice.pl\/index.php\/wp-json\/wp\/v2\/pages\/71\/revisions\/610"}],"wp:attachment":[{"href":"https:\/\/opoka.gliwice.pl\/index.php\/wp-json\/wp\/v2\/media?parent=71"}],"curies":[{"name":"wp","href":"https:\/\/api.w.org\/{rel}","templated":true}]}}