{"id":69,"date":"2024-12-11T18:45:04","date_gmt":"2024-12-11T17:45:04","guid":{"rendered":"https:\/\/opoka.gliwice.pl\/?page_id=69"},"modified":"2024-12-23T19:50:40","modified_gmt":"2024-12-23T18:50:40","slug":"warunki-socjalno-bytowe","status":"publish","type":"page","link":"https:\/\/opoka.gliwice.pl\/index.php\/warunki-socjalno-bytowe\/","title":{"rendered":"Warunki Socjalno-Bytowe"},"content":{"rendered":"\t\t<div data-elementor-type=\"wp-page\" data-elementor-id=\"69\" class=\"elementor elementor-69\">\n\t\t\t\t<div class=\"elementor-element elementor-element-14f2686 e-flex e-con-boxed e-con e-parent\" data-id=\"14f2686\" data-element_type=\"container\" data-e-type=\"container\">\n\t\t\t\t\t<div class=\"e-con-inner\">\n\t\t\t\t<div class=\"elementor-element elementor-element-3d6c229 elementor-widget elementor-widget-hfe-breadcrumbs-widget\" data-id=\"3d6c229\" data-element_type=\"widget\" data-e-type=\"widget\" data-widget_type=\"hfe-breadcrumbs-widget.default\">\n\t\t\t\t<div class=\"elementor-widget-container\">\n\t\t\t\t\t<nav aria-label=\"Breadcrumb\"><ul class=\"hfe-breadcrumbs hfe-breadcrumbs-show-home\"><li class=\"hfe-breadcrumbs-item hfe-breadcrumbs-first\"><span class=\"hfe-breadcrumbs-home-icon\"><svg aria-hidden=\"true\" class=\"e-font-icon-svg e-fas-home\" viewBox=\"0 0 576 512\" xmlns=\"http:\/\/www.w3.org\/2000\/svg\"><path d=\"M280.37 148.26L96 300.11V464a16 16 0 0 0 16 16l112.06-.29a16 16 0 0 0 15.92-16V368a16 16 0 0 1 16-16h64a16 16 0 0 1 16 16v95.64a16 16 0 0 0 16 16.05L464 480a16 16 0 0 0 16-16V300L295.67 148.26a12.19 12.19 0 0 0-15.3 0zM571.6 251.47L488 182.56V44.05a12 12 0 0 0-12-12h-56a12 12 0 0 0-12 12v72.61L318.47 43a48 48 0 0 0-61 0L4.34 251.47a12 12 0 0 0-1.6 16.9l25.5 31A12 12 0 0 0 45.15 301l235.22-193.74a12.19 12.19 0 0 1 15.3 0L530.9 301a12 12 0 0 0 16.9-1.6l25.5-31a12 12 0 0 0-1.7-16.93z\"><\/path><\/svg><\/span><a href=\"https:\/\/opoka.gliwice.pl\"><span class=\"hfe-breadcrumbs-text\">Start<\/span><\/a><\/li><\/ul><\/nav>\t\t\t\t<\/div>\n\t\t\t\t<\/div>\n\t\t\t\t\t<\/div>\n\t\t\t\t<\/div>\n\t\t<div class=\"elementor-element elementor-element-6b86b3b e-flex e-con-boxed e-con e-parent\" data-id=\"6b86b3b\" data-element_type=\"container\" data-e-type=\"container\">\n\t\t\t\t\t<div class=\"e-con-inner\">\n\t\t\t\t<div class=\"elementor-element elementor-element-f73b78f animated-slow elementor-invisible elementor-widget elementor-widget-heading\" data-id=\"f73b78f\" data-element_type=\"widget\" data-e-type=\"widget\" data-settings=\"{&quot;_animation&quot;:&quot;fadeIn&quot;}\" data-widget_type=\"heading.default\">\n\t\t\t\t<div class=\"elementor-widget-container\">\n\t\t\t\t\t<h1 class=\"elementor-heading-title elementor-size-default\">Warunki Socjalno-Bytowe<\/h1>\t\t\t\t<\/div>\n\t\t\t\t<\/div>\n\t\t\t\t<div class=\"elementor-element elementor-element-887c8f3 animated-slow elementor-widget-divider--view-line elementor-invisible elementor-widget elementor-widget-divider\" data-id=\"887c8f3\" data-element_type=\"widget\" data-e-type=\"widget\" data-settings=\"{&quot;_animation&quot;:&quot;fadeInRight&quot;}\" data-widget_type=\"divider.default\">\n\t\t\t\t<div class=\"elementor-widget-container\">\n\t\t\t\t\t\t\t<div class=\"elementor-divider\">\n\t\t\t<span class=\"elementor-divider-separator\">\n\t\t\t\t\t\t<\/span>\n\t\t<\/div>\n\t\t\t\t\t\t<\/div>\n\t\t\t\t<\/div>\n\t\t\t\t\t<\/div>\n\t\t\t\t<\/div>\n\t\t<div class=\"elementor-element elementor-element-189d183 e-flex e-con-boxed e-con e-parent\" data-id=\"189d183\" data-element_type=\"container\" data-e-type=\"container\">\n\t\t\t\t\t<div class=\"e-con-inner\">\n\t\t\t\t<div class=\"elementor-element elementor-element-81e9d89 elementor-widget elementor-widget-text-editor\" data-id=\"81e9d89\" data-element_type=\"widget\" data-e-type=\"widget\" data-widget_type=\"text-editor.default\">\n\t\t\t\t<div class=\"elementor-widget-container\">\n\t\t\t\t\t\t\t\t\t<p>Dom Pomocy Spo\u0142ecznej \u201eOPOKA\u201d jest plac\u00f3wk\u0105 przeznaczon\u0105 dla 57 os\u00f3b przewlekle somatycznie chorych. Obiekt mie\u015bci si\u0119 przy ulicy Pszczy\u0144skiej, w\u00a0bezpo\u015brednim s\u0105siedztwie trasy przelotowej Gliwice &#8211; Miko\u0142\u00f3w. Otaczamy nasz\u0105 opiek\u0105 osoby starsze i\u00a0przewlekle chore, kt\u00f3re z\u00a0r\u00f3\u017cnych przyczyn nie mog\u0105 przebywa\u0107 w\u00a0swoim \u015brodowisku.<\/p><p>Dom pozbawiony jest barier architektonicznych, wyposa\u017cony w\u00a0d\u017awig osobowy przystosowany dla os\u00f3b niepe\u0142nosprawnych.<\/p><p>O\u015brodek otoczony jest ogrodem, w\u00a0kt\u00f3rym znajduj\u0105 si\u0119 altanki oraz \u0142aweczki.<\/p><p>Dysponujemy pokojami 1,2,3 i\u00a04 osobowymi, kt\u00f3re wyposa\u017cone s\u0105 w\u00a0system przyzywowo \u2013 alarmowy. Do dyspozycji mieszka\u0144c\u00f3w, w ka\u017cdym pokoju znajduje si\u0119 \u0142azienka dostosowana do potrzeb os\u00f3b niepe\u0142nosprawnych, wyposa\u017cona w\u00a0prysznic lub wann\u0119.<\/p><p>Dom dysponuje w\u0142asn\u0105 kuchni\u0105 gdzie przygotowywane s\u0105 posi\u0142ki zgodnie z\u00a0zaleceniami dietetycznymi i\u00a0indywidualnymi preferencjami mieszka\u0144c\u00f3w.<\/p><p>Na terenie plac\u00f3wki znajduje si\u0119 Kaplica, w\u00a0kt\u00f3rej pos\u0142ug\u0119 pe\u0142ni ks. Krzysztof.<\/p><p>Mieszka\u0144cy maj\u0105 do swojej dyspozycji pok\u00f3j go\u015bcinny, salk\u0119 rehabilitacyjn\u0105 oraz kuchenk\u0119 wyposa\u017con\u0105 w\u00a0podstawowe sprz\u0119ty.<\/p>\t\t\t\t\t\t\t\t<\/div>\n\t\t\t\t<\/div>\n\t\t\t\t\t<\/div>\n\t\t\t\t<\/div>\n\t\t\t\t<\/div>\n\t\t","protected":false},"excerpt":{"rendered":"<p>Start Warunki Socjalno-Bytowe Dom Pomocy Spo\u0142ecznej \u201eOPOKA\u201d jest plac\u00f3wk\u0105 przeznaczon\u0105 dla 57 os\u00f3b przewlekle somatycznie chorych. Obiekt mie\u015bci si\u0119 przy ulicy Pszczy\u0144skiej, w\u00a0bezpo\u015brednim s\u0105siedztwie trasy przelotowej Gliwice &#8211; Miko\u0142\u00f3w. Otaczamy nasz\u0105 opiek\u0105 osoby starsze i\u00a0przewlekle chore, kt\u00f3re z\u00a0r\u00f3\u017cnych przyczyn nie mog\u0105 przebywa\u0107 w\u00a0swoim \u015brodowisku. Dom pozbawiony jest barier architektonicznych, wyposa\u017cony w\u00a0d\u017awig osobowy przystosowany dla os\u00f3b [&hellip;]<\/p>\n","protected":false},"author":1,"featured_media":0,"parent":0,"menu_order":0,"comment_status":"closed","ping_status":"closed","template":"","meta":{"footnotes":""},"class_list":["post-69","page","type-page","status-publish","hentry"],"_links":{"self":[{"href":"https:\/\/opoka.gliwice.pl\/index.php\/wp-json\/wp\/v2\/pages\/69","targetHints":{"allow":["GET"]}}],"collection":[{"href":"https:\/\/opoka.gliwice.pl\/index.php\/wp-json\/wp\/v2\/pages"}],"about":[{"href":"https:\/\/opoka.gliwice.pl\/index.php\/wp-json\/wp\/v2\/types\/page"}],"author":[{"embeddable":true,"href":"https:\/\/opoka.gliwice.pl\/index.php\/wp-json\/wp\/v2\/users\/1"}],"replies":[{"embeddable":true,"href":"https:\/\/opoka.gliwice.pl\/index.php\/wp-json\/wp\/v2\/comments?post=69"}],"version-history":[{"count":16,"href":"https:\/\/opoka.gliwice.pl\/index.php\/wp-json\/wp\/v2\/pages\/69\/revisions"}],"predecessor-version":[{"id":601,"href":"https:\/\/opoka.gliwice.pl\/index.php\/wp-json\/wp\/v2\/pages\/69\/revisions\/601"}],"wp:attachment":[{"href":"https:\/\/opoka.gliwice.pl\/index.php\/wp-json\/wp\/v2\/media?parent=69"}],"curies":[{"name":"wp","href":"https:\/\/api.w.org\/{rel}","templated":true}]}}