{"id":67,"date":"2024-12-11T18:44:40","date_gmt":"2024-12-11T17:44:40","guid":{"rendered":"https:\/\/opoka.gliwice.pl\/?page_id=67"},"modified":"2024-12-23T08:47:34","modified_gmt":"2024-12-23T07:47:34","slug":"warunki-przyjecia","status":"publish","type":"page","link":"https:\/\/opoka.gliwice.pl\/index.php\/warunki-przyjecia\/","title":{"rendered":"Warunki Przyj\u0119cia"},"content":{"rendered":"\t\t<div data-elementor-type=\"wp-page\" data-elementor-id=\"67\" class=\"elementor elementor-67\">\n\t\t\t\t<div class=\"elementor-element elementor-element-21956f61 e-flex e-con-boxed e-con e-parent\" data-id=\"21956f61\" data-element_type=\"container\" data-e-type=\"container\">\n\t\t\t\t\t<div class=\"e-con-inner\">\n\t\t\t\t<div class=\"elementor-element elementor-element-3f322d0 elementor-widget elementor-widget-hfe-breadcrumbs-widget\" data-id=\"3f322d0\" data-element_type=\"widget\" data-e-type=\"widget\" data-widget_type=\"hfe-breadcrumbs-widget.default\">\n\t\t\t\t<div class=\"elementor-widget-container\">\n\t\t\t\t\t<nav aria-label=\"Breadcrumb\"><ul class=\"hfe-breadcrumbs hfe-breadcrumbs-show-home\"><li class=\"hfe-breadcrumbs-item hfe-breadcrumbs-first\"><span class=\"hfe-breadcrumbs-home-icon\"><svg aria-hidden=\"true\" class=\"e-font-icon-svg e-fas-home\" viewBox=\"0 0 576 512\" xmlns=\"http:\/\/www.w3.org\/2000\/svg\"><path d=\"M280.37 148.26L96 300.11V464a16 16 0 0 0 16 16l112.06-.29a16 16 0 0 0 15.92-16V368a16 16 0 0 1 16-16h64a16 16 0 0 1 16 16v95.64a16 16 0 0 0 16 16.05L464 480a16 16 0 0 0 16-16V300L295.67 148.26a12.19 12.19 0 0 0-15.3 0zM571.6 251.47L488 182.56V44.05a12 12 0 0 0-12-12h-56a12 12 0 0 0-12 12v72.61L318.47 43a48 48 0 0 0-61 0L4.34 251.47a12 12 0 0 0-1.6 16.9l25.5 31A12 12 0 0 0 45.15 301l235.22-193.74a12.19 12.19 0 0 1 15.3 0L530.9 301a12 12 0 0 0 16.9-1.6l25.5-31a12 12 0 0 0-1.7-16.93z\"><\/path><\/svg><\/span><a href=\"https:\/\/opoka.gliwice.pl\"><span class=\"hfe-breadcrumbs-text\">Start<\/span><\/a><\/li><\/ul><\/nav>\t\t\t\t<\/div>\n\t\t\t\t<\/div>\n\t\t\t\t\t<\/div>\n\t\t\t\t<\/div>\n\t\t<div class=\"elementor-element elementor-element-e469881 e-flex e-con-boxed e-con e-parent\" data-id=\"e469881\" data-element_type=\"container\" data-e-type=\"container\">\n\t\t\t\t\t<div class=\"e-con-inner\">\n\t\t\t\t<div class=\"elementor-element elementor-element-54dc6c52 animated-slow elementor-invisible elementor-widget elementor-widget-heading\" data-id=\"54dc6c52\" data-element_type=\"widget\" data-e-type=\"widget\" data-settings=\"{&quot;_animation&quot;:&quot;fadeIn&quot;}\" data-widget_type=\"heading.default\">\n\t\t\t\t<div class=\"elementor-widget-container\">\n\t\t\t\t\t<h1 class=\"elementor-heading-title elementor-size-default\">Warunki Przyj\u0119cia<\/h1>\t\t\t\t<\/div>\n\t\t\t\t<\/div>\n\t\t\t\t<div class=\"elementor-element elementor-element-34948794 animated-slow elementor-widget-divider--view-line elementor-invisible elementor-widget elementor-widget-divider\" data-id=\"34948794\" data-element_type=\"widget\" data-e-type=\"widget\" data-settings=\"{&quot;_animation&quot;:&quot;fadeInRight&quot;}\" data-widget_type=\"divider.default\">\n\t\t\t\t<div class=\"elementor-widget-container\">\n\t\t\t\t\t\t\t<div class=\"elementor-divider\">\n\t\t\t<span class=\"elementor-divider-separator\">\n\t\t\t\t\t\t<\/span>\n\t\t<\/div>\n\t\t\t\t\t\t<\/div>\n\t\t\t\t<\/div>\n\t\t\t\t\t<\/div>\n\t\t\t\t<\/div>\n\t\t<div class=\"elementor-element elementor-element-5996bc4d e-flex e-con-boxed e-con e-parent\" data-id=\"5996bc4d\" data-element_type=\"container\" data-e-type=\"container\">\n\t\t\t\t\t<div class=\"e-con-inner\">\n\t\t\t\t<div class=\"elementor-element elementor-element-1dd9afe3 elementor-widget elementor-widget-text-editor\" data-id=\"1dd9afe3\" data-element_type=\"widget\" data-e-type=\"widget\" data-widget_type=\"text-editor.default\">\n\t\t\t\t<div class=\"elementor-widget-container\">\n\t\t\t\t\t\t\t\t\t<p>Osoby, kt\u00f3re z\u00a0r\u00f3\u017cnych przyczyn nie s\u0105 w\u00a0stanie samodzielnie funkcjonowa\u0107 w\u00a0swoim \u015brodowisku mog\u0105 uzyska\u0107 skierowania do Domu Pomocy Spo\u0142ecznej \u201eOpoka\u201d.<\/p><p>\u00a0<\/p><h2>W celu uzyskania takiego skierowania nale\u017cy:<\/h2><div>\u00a0<\/div><ul><li>zg\u0142osi\u0107 si\u0119 do O\u015brodka Pomocy Spo\u0142ecznej w\u0142a\u015bciwego ze wzgl\u0119du na miejsce zamieszkania: (<a style=\"font-family: var( --e-global-typography-text-font-family ), Sans-serif; font-weight: var( --e-global-typography-text-font-weight ); text-align: var(--text-align);\" href=\"https:\/\/opsgliwice.pl\/kontakt\/rejony\/\" target=\"_blank\" rel=\"noopener\">https:\/\/opsgliwice.pl\/kontakt\/rejony\/<\/a><span style=\"background-color: transparent; color: var( --e-global-color-text ); font-family: var( --e-global-typography-text-font-family ), Sans-serif; font-weight: var( --e-global-typography-text-font-weight ); text-align: var(--text-align);\">) \u2013 je\u015bli dana osoba korzysta\u0142a ju\u017c z \u015bwiadcze\u0144 pomocy spo\u0142ecznej, lub<\/span><\/li><li>skontaktowa\u0107 si\u0119 z\u00a0Dzia\u0142em Pierwszego Kontaktu i\u00a0Dzia\u0142a\u0144 Wspieraj\u0105cych O\u015brodka Pomocy Spo\u0142ecznej w Gliwicach (<a href=\"https:\/\/opsgliwice.pl\/kontakt\/dzialy\/dzial-pierwszego-kontaktu-i-dzialan-wspierajacych\/\" target=\"_blank\" rel=\"noopener\">https:\/\/opsgliwice.pl\/kontakt\/dzialy\/dzial-pierwszego-kontaktu-i-dzialan-wspierajacych\/<\/a>), je\u017celi osoba nie korzysta\u0142a wcze\u015bniej z\u00a0\u017cadnego rodzaju \u015bwiadcze\u0144.<\/li><\/ul><div>\u00a0<\/div><p><span style=\"background-color: transparent; color: var( --e-global-color-text ); font-family: var( --e-global-typography-text-font-family ), Sans-serif; font-weight: var( --e-global-typography-text-font-weight ); text-align: var(--text-align);\">Post\u0119powanie w\u00a0sprawie skierowania do domu pomocy spo\u0142ecznej, a\u00a0nast\u0119pnie umieszczenia osoby w plac\u00f3wce rozpoczyna pracownik socjalny O\u015brodka Pomocy Spo\u0142ecznej na wniosek osoby ubiegaj\u0105cej si\u0119, jej przedstawiciela ustawowego lub opiekuna, b\u0105d\u017a z\u00a0urz\u0119du w\u00a0sytuacji przewidzianej przepisami.<\/span><\/p><p>Konieczne jest przeprowadzenie wywiadu \u015brodowiskowego oraz skompletowanie niezb\u0119dnej dokumentacji. Wywiad przeprowadza si\u0119 w miejscu zamieszkania osoby zainteresowanej w\u00a0terminie 14 dni od daty otrzymania informacji o\u00a0potrzebie przyznania \u015bwiadcze\u0144. W\u00a0sytuacjach wymagaj\u0105cych bezzw\u0142ocznego przyznania \u015bwiadcze\u0144 wywiad przeprowadza si\u0119 nie p\u00f3\u017aniej ni\u017c w\u00a0ci\u0105gu 2 dni od daty powzi\u0119cia informacji.<\/p><p>Po rozpoznaniu sprawy zostaje wydana decyzja w sprawie skierowania lub odmowy skierowania do plac\u00f3wki. Od decyzji przys\u0142uguje stronie prawo wniesienia odwo\u0142ania do Samorz\u0105dowego Kolegium Odwo\u0142awczego, w\u00a0terminie 14 dni od daty jej dor\u0119czenia.<\/p><p>W chwili wydania decyzji kieruj\u0105cej, umieszczaj\u0105cej i\u00a0decyzji o\u00a0 odp\u0142atno\u015bci w\/w dokumenty otrzymuje przysz\u0142y mieszkaniec DPS oraz dom pomocy spo\u0142ecznej, do kt\u00f3rego zosta\u0142 skierowany. Nast\u0119pnie osoba zostaje umieszczona\u00a0 na li\u015bcie\u00a0 os\u00f3b oczekuj\u0105cych do przyj\u0119cia.<\/p><p>\u00a0<\/p><h2>Odp\u0142atno\u015b\u0107 za pobyt w plac\u00f3wce<\/h2><p>Pobyt w Domu jest odp\u0142atny. Decyzja w sprawie op\u0142aty za pobyt w Domu Pomocy Spo\u0142ecznej wydawana jest przez O\u015brodek Pomocy Spo\u0142ecznej.\u00a0 Op\u0142at\u0119 za pobyt w\u00a0Domu wnosz\u0105:<\/p><ol><li>Mieszkaniec \u2013 nie wi\u0119cej ni\u017c 70% swojego dochodu,<\/li><li>Ma\u0142\u017conek, zst\u0119pni przed wst\u0119pnymi,<\/li><li>Gmina, z terenu, kt\u00f3rej osoba zosta\u0142a skierowana \u2013 w wysoko\u015bci r\u00f3\u017cnicy mi\u0119dzy \u015brednim kosztem utrzymania, a op\u0142atami wnoszonymi przez osoby, o kt\u00f3rych mowa w pkt 1 i 2.<\/li><\/ol><p>W stosunku do os\u00f3b\u00a0 zobowi\u0105zanych do ponoszenia odp\u0142atno\u015bci za pobyt osoby bliskiej w\u00a0Domu Pomocy Spo\u0142ecznej,\u00a0 przeprowadzane jest przez OPS post\u0119powanie administracyjne.<\/p><p>Osoby zobowi\u0105zane do alimentacji mog\u0105 ubiega\u0107 si\u0119 o zwolnienie ca\u0142kowite lub cz\u0119\u015bciowe z\u00a0dop\u0142aty do pobytu za cz\u0142onka rodziny w Domu Pomocy Spo\u0142ecznej wy\u0142\u0105cznie na podstawie pisemnego wniosku i\u00a0dokument\u00f3w potwierdzaj\u0105cych okoliczno\u015bci zwolnienia. Decyzje indywidualnie w ka\u017cdej sprawie rozpatruje O\u015brodek Pomocy Spo\u0142ecznej.<\/p><p>\u00a0<\/p><h2><b>Informacje o\u00a0domach pomocy spo\u0142ecznej na terenie Gliwic:<\/b><\/h2><p><a href=\"https:\/\/opsgliwice.pl\/formy-pomocy\/seniorzy\/domy-pomocy-spolecznej\/\" target=\"_blank\" rel=\"noopener\">https:\/\/opsgliwice.pl\/formy-pomocy\/seniorzy\/domy-pomocy-spolecznej\/\u00a0\u00a0<\/a><\/p>\t\t\t\t\t\t\t\t<\/div>\n\t\t\t\t<\/div>\n\t\t\t\t\t<\/div>\n\t\t\t\t<\/div>\n\t\t\t\t<\/div>\n\t\t","protected":false},"excerpt":{"rendered":"<p>Start Warunki Przyj\u0119cia Osoby, kt\u00f3re z\u00a0r\u00f3\u017cnych przyczyn nie s\u0105 w\u00a0stanie samodzielnie funkcjonowa\u0107 w\u00a0swoim \u015brodowisku mog\u0105 uzyska\u0107 skierowania do Domu Pomocy Spo\u0142ecznej \u201eOpoka\u201d. \u00a0 W celu uzyskania takiego skierowania nale\u017cy: \u00a0 zg\u0142osi\u0107 si\u0119 do O\u015brodka Pomocy Spo\u0142ecznej w\u0142a\u015bciwego ze wzgl\u0119du na miejsce zamieszkania: (https:\/\/opsgliwice.pl\/kontakt\/rejony\/) \u2013 je\u015bli dana osoba korzysta\u0142a ju\u017c z \u015bwiadcze\u0144 pomocy spo\u0142ecznej, lub skontaktowa\u0107 [&hellip;]<\/p>\n","protected":false},"author":1,"featured_media":0,"parent":0,"menu_order":0,"comment_status":"closed","ping_status":"closed","template":"","meta":{"footnotes":""},"class_list":["post-67","page","type-page","status-publish","hentry"],"_links":{"self":[{"href":"https:\/\/opoka.gliwice.pl\/index.php\/wp-json\/wp\/v2\/pages\/67","targetHints":{"allow":["GET"]}}],"collection":[{"href":"https:\/\/opoka.gliwice.pl\/index.php\/wp-json\/wp\/v2\/pages"}],"about":[{"href":"https:\/\/opoka.gliwice.pl\/index.php\/wp-json\/wp\/v2\/types\/page"}],"author":[{"embeddable":true,"href":"https:\/\/opoka.gliwice.pl\/index.php\/wp-json\/wp\/v2\/users\/1"}],"replies":[{"embeddable":true,"href":"https:\/\/opoka.gliwice.pl\/index.php\/wp-json\/wp\/v2\/comments?post=67"}],"version-history":[{"count":13,"href":"https:\/\/opoka.gliwice.pl\/index.php\/wp-json\/wp\/v2\/pages\/67\/revisions"}],"predecessor-version":[{"id":573,"href":"https:\/\/opoka.gliwice.pl\/index.php\/wp-json\/wp\/v2\/pages\/67\/revisions\/573"}],"wp:attachment":[{"href":"https:\/\/opoka.gliwice.pl\/index.php\/wp-json\/wp\/v2\/media?parent=67"}],"curies":[{"name":"wp","href":"https:\/\/api.w.org\/{rel}","templated":true}]}}