{"id":63,"date":"2024-12-11T18:43:53","date_gmt":"2024-12-11T17:43:53","guid":{"rendered":"https:\/\/opoka.gliwice.pl\/?page_id=63"},"modified":"2025-09-25T10:29:11","modified_gmt":"2025-09-25T08:29:11","slug":"sygnalisci","status":"publish","type":"page","link":"https:\/\/opoka.gliwice.pl\/index.php\/sygnalisci\/","title":{"rendered":"Sygnali\u015bci"},"content":{"rendered":"\t\t<div data-elementor-type=\"wp-page\" data-elementor-id=\"63\" class=\"elementor elementor-63\">\n\t\t\t\t<div class=\"elementor-element elementor-element-6cee4b7 e-flex e-con-boxed e-con e-parent\" data-id=\"6cee4b7\" data-element_type=\"container\" data-e-type=\"container\">\n\t\t\t\t\t<div class=\"e-con-inner\">\n\t\t\t\t<div class=\"elementor-element elementor-element-2018301e elementor-widget elementor-widget-hfe-breadcrumbs-widget\" data-id=\"2018301e\" data-element_type=\"widget\" data-e-type=\"widget\" data-widget_type=\"hfe-breadcrumbs-widget.default\">\n\t\t\t\t<div class=\"elementor-widget-container\">\n\t\t\t\t\t<nav aria-label=\"Breadcrumb\"><ul class=\"hfe-breadcrumbs hfe-breadcrumbs-show-home\"><li class=\"hfe-breadcrumbs-item hfe-breadcrumbs-first\"><span class=\"hfe-breadcrumbs-home-icon\"><svg aria-hidden=\"true\" class=\"e-font-icon-svg e-fas-home\" viewBox=\"0 0 576 512\" xmlns=\"http:\/\/www.w3.org\/2000\/svg\"><path d=\"M280.37 148.26L96 300.11V464a16 16 0 0 0 16 16l112.06-.29a16 16 0 0 0 15.92-16V368a16 16 0 0 1 16-16h64a16 16 0 0 1 16 16v95.64a16 16 0 0 0 16 16.05L464 480a16 16 0 0 0 16-16V300L295.67 148.26a12.19 12.19 0 0 0-15.3 0zM571.6 251.47L488 182.56V44.05a12 12 0 0 0-12-12h-56a12 12 0 0 0-12 12v72.61L318.47 43a48 48 0 0 0-61 0L4.34 251.47a12 12 0 0 0-1.6 16.9l25.5 31A12 12 0 0 0 45.15 301l235.22-193.74a12.19 12.19 0 0 1 15.3 0L530.9 301a12 12 0 0 0 16.9-1.6l25.5-31a12 12 0 0 0-1.7-16.93z\"><\/path><\/svg><\/span><a href=\"https:\/\/opoka.gliwice.pl\"><span class=\"hfe-breadcrumbs-text\">Start<\/span><\/a><\/li><\/ul><\/nav>\t\t\t\t<\/div>\n\t\t\t\t<\/div>\n\t\t\t\t\t<\/div>\n\t\t\t\t<\/div>\n\t\t<div class=\"elementor-element elementor-element-d46a3f1 e-flex e-con-boxed e-con e-parent\" data-id=\"d46a3f1\" data-element_type=\"container\" data-e-type=\"container\">\n\t\t\t\t\t<div class=\"e-con-inner\">\n\t\t\t\t<div class=\"elementor-element elementor-element-79a2c8f9 animated-slow elementor-invisible elementor-widget elementor-widget-heading\" data-id=\"79a2c8f9\" data-element_type=\"widget\" data-e-type=\"widget\" data-settings=\"{&quot;_animation&quot;:&quot;fadeIn&quot;}\" data-widget_type=\"heading.default\">\n\t\t\t\t<div class=\"elementor-widget-container\">\n\t\t\t\t\t<h2 class=\"elementor-heading-title elementor-size-default\">Sygnali\u015bci<\/h2>\t\t\t\t<\/div>\n\t\t\t\t<\/div>\n\t\t\t\t<div class=\"elementor-element elementor-element-81fc86e animated-slow elementor-widget-divider--view-line elementor-invisible elementor-widget elementor-widget-divider\" data-id=\"81fc86e\" data-element_type=\"widget\" data-e-type=\"widget\" data-settings=\"{&quot;_animation&quot;:&quot;fadeInRight&quot;}\" data-widget_type=\"divider.default\">\n\t\t\t\t<div class=\"elementor-widget-container\">\n\t\t\t\t\t\t\t<div class=\"elementor-divider\">\n\t\t\t<span class=\"elementor-divider-separator\">\n\t\t\t\t\t\t<\/span>\n\t\t<\/div>\n\t\t\t\t\t\t<\/div>\n\t\t\t\t<\/div>\n\t\t\t\t\t<\/div>\n\t\t\t\t<\/div>\n\t\t<div class=\"elementor-element elementor-element-77589dc6 e-flex e-con-boxed e-con e-parent\" data-id=\"77589dc6\" data-element_type=\"container\" data-e-type=\"container\">\n\t\t\t\t\t<div class=\"e-con-inner\">\n\t\t\t\t<div class=\"elementor-element elementor-element-2237500 elementor-widget elementor-widget-text-editor\" data-id=\"2237500\" data-element_type=\"widget\" data-e-type=\"widget\" data-widget_type=\"text-editor.default\">\n\t\t\t\t<div class=\"elementor-widget-container\">\n\t\t\t\t\t\t\t\t\t<p lang=\"pl-PL\"><strong>Informacje na temat obowi\u0105zuj\u0105cych w\u00a0Domu Pomocy Spo\u0142ecznej Opoka<br \/>w Gliwicach procedur dokonywania zg\u0142osze\u0144 narusze\u0144 prawa i\u00a0podejmowania dzia\u0142a\u0144 nast\u0119pczych.<\/strong><\/p><p lang=\"pl-PL\"><strong>\u00a0<\/strong><\/p><h2><strong>Zg\u0142oszenia wewn\u0119trzne<\/strong><\/h2><div><strong>\u00a0<\/strong><\/div><ul><li><a href=\"https:\/\/opoka.gliwice.pl\/wp-content\/uploads\/2024\/12\/ZARZADZENIE_WEWNETRZNE_NR_24_2024.pdf\">Zarz\u0105dzenie wewn\u0119trzne nr 24\/2024 Dyrektora Domu Pomocy Spo\u0142ecznej Opoka w\u00a0Gliwicach z\u00a0dnia 18 wrze\u015bnia 2024 r. w\u00a0sprawie wprowadzenia w\u00a0Domu Pomocy Spo\u0142ecznej Opoka w\u00a0Gliwicach wewn\u0119trznej procedury dokonywania zg\u0142osze\u0144 narusze\u0144 prawa i\u00a0podejmowania dzia\u0142a\u0144 nast\u0119pczych.<\/a>\u00a0(PDF skan)<\/li><\/ul><ul><li><a href=\"https:\/\/opoka.gliwice.pl\/wp-content\/uploads\/2024\/12\/ZARZADZENIE_WEWNETRZNE_NR_24_2024_tekst.pdf\">Zarz\u0105dzenie wewn\u0119trzne nr 24\/2024 Dyrektora Domu Pomocy Spo\u0142ecznej Opoka w\u00a0Gliwicach z\u00a0dnia 18 wrze\u015bnia 2024 r. w\u00a0sprawie wprowadzenia w\u00a0Domu Pomocy Spo\u0142ecznej Opoka w\u00a0Gliwicach wewn\u0119trznej procedury dokonywania zg\u0142osze\u0144 narusze\u0144 prawa i\u00a0podejmowania dzia\u0142a\u0144 nast\u0119pczych.<\/a>\u00a0(PDF tekst)<\/li><li><a href=\"https:\/\/opoka.gliwice.pl\/wp-content\/uploads\/2025\/04\/Zarzadzenie_2_2025.pdf\">Zarz\u0105dzenie wewn\u0119trzne nr 2\/2025 Dyrektora Domu Pomocy Spo\u0142ecznej Opoka w Gliwicach z dnia 1 kwietnia 2025r. w sprawie zmiany zarz\u0105dzenia 24\/2024.<\/a> (PDF tekst)<\/li><li><a href=\"https:\/\/opoka.gliwice.pl\/wp-content\/uploads\/2025\/09\/Zarzadzenie_18_2025.pdf\">Zarz\u0105dzenie wewn\u0119trzne 18\/2025 Dyrektora Domu Pomocy Spo\u0142ecznej Opoka w Gliwicach z dnia 25 wrze\u015bnia 2025 r. w sprawie zmiany zarz\u0105dzenia 24\/2024<\/a>. (PDF tekst)<\/li><\/ul><p lang=\"pl-PL\"><strong>\u00a0<\/strong><\/p><h2><strong>Kim jest sygnalista?<\/strong><\/h2><p><span lang=\"pl-PL\"><strong>Sygnalist\u0105 jest osoba fizyczna lub prawna, kt\u00f3ra zg\u0142asza informacje o\u00a0naruszeniu prawa uzyskane w\u00a0kontek\u015bcie zwi\u0105zanym z\u00a0prac\u0105 w\u00a0Domu Pomocy Spo\u0142ecznej Opoka w\u00a0Gliwicach lub na jego rzecz<\/strong><\/span><span lang=\"pl-PL\">, w\u00a0tym:<\/span><\/p><ul><li>pracownik,<\/li><li>osoba \u015bwiadcz\u0105ca prac\u0119 na innej podstawie ni\u017c stosunek pracy, w\u00a0tym na podstawie umowy cywilnoprawnej,<\/li><li>przedsi\u0119biorca,<\/li><li>osoba \u015bwiadcz\u0105ca prac\u0119 pod nadzorem i\u00a0kierownictwem wykonawcy, podwykonawcy lub dostawcy,<\/li><li>sta\u017cysta,<\/li><li>wolontariusz;<\/li><li>praktykant.<\/li><\/ul><div>\u00a0<\/div><h2><strong>Czego mo\u017ce dotyczy\u0107 zg\u0142oszenie?<\/strong><\/h2><p lang=\"pl-PL\"><strong>Przedmiotem zg\u0142oszenia wewn\u0119trznego mog\u0105 by\u0107 dzia\u0142ania lub zaniechania niezgodne z\u00a0prawem lub maj\u0105ce na celu obej\u015bcie prawa, dotycz\u0105ce:<\/strong><\/p><ol><li><p lang=\"pl-PL\">korupcji;<\/p><\/li><li><p lang=\"pl-PL\">zam\u00f3wie\u0144 publicznych;<\/p><\/li><li><p lang=\"pl-PL\">us\u0142ug, produkt\u00f3w i\u00a0rynk\u00f3w finansowych;<\/p><\/li><li><p lang=\"pl-PL\">przeciwdzia\u0142ania praniu pieni\u0119dzy oraz finansowaniu terroryzmu;<\/p><\/li><li><p lang=\"pl-PL\">bezpiecze\u0144stwa produkt\u00f3w i\u00a0ich zgodno\u015bci z\u00a0wymogami;<\/p><\/li><li><p lang=\"pl-PL\">bezpiecze\u0144stwa transportu;<\/p><\/li><li><p lang=\"pl-PL\">ochrony \u015brodowiska;<\/p><\/li><li><p lang=\"pl-PL\">bezpiecze\u0144stwa \u017cywno\u015bci;<\/p><\/li><li><p lang=\"pl-PL\">zdrowia publicznego;<\/p><\/li><li><p lang=\"pl-PL\">ochrony konsument\u00f3w;<\/p><\/li><li><p lang=\"pl-PL\">ochrony prywatno\u015bci i\u00a0danych osobowych;<\/p><\/li><li><p lang=\"pl-PL\">bezpiecze\u0144stwa sieci i\u00a0system\u00f3w teleinformatycznych;<\/p><\/li><li><p lang=\"pl-PL\">interes\u00f3w finansowych Skarbu Pa\u0144stwa RP, jednostki samorz\u0105du terytorialnego oraz Unii Europejskiej;<\/p><\/li><li><p lang=\"pl-PL\">rynku wewn\u0119trznego Unii Europejskiej, w\u00a0tym\u00a0publicznoprawnych zasad konkurencji i\u00a0pomocy pa\u0144stwa oraz opodatkowania os\u00f3b prawnych;<\/p><\/li><li><p lang=\"pl-PL\">konstytucyjnych wolno\u015bci i\u00a0praw cz\u0142owieka i\u00a0obywatela \u2013 wyst\u0119puj\u0105ce w\u00a0stosunkach jednostki z\u00a0organami w\u0142adzy publicznej i\u00a0niezwi\u0105zane z\u00a0dziedzinami wskazanymi w\u00a0ppkt.<br \/>1-14.<\/p><\/li><\/ol><div>\u00a0<\/div><h2><span lang=\"pl-PL\"><strong>Dodatkowo dopuszcza si\u0119 mo\u017cliwo\u015b\u0107 dokonywania zg\u0142osze\u0144 wewn\u0119trznych w\u00a0przypadku:<\/strong><\/span><\/h2><ol><li><p lang=\"pl-PL\">wyst\u0105pienia mobbingu b\u0105d\u017a dyskryminacji;<\/p><\/li><li><p lang=\"pl-PL\">naruszenia Kodeksu Etyki oraz innych niew\u0142a\u015bciwych zachowa\u0144 w\u00a0relacjach z\u00a0podopiecznymi i\u00a0wsp\u00f3\u0142pracownikami.<\/p><\/li><\/ol><div>\u00a0<\/div><h2><strong>Jak mog\u0119 przes\u0142a\u0107 zg\u0142oszenie?<\/strong><\/h2><p lang=\"pl-PL\">Zg\u0142oszenia wewn\u0119trzne przyjmowane b\u0119d\u0105 w\u00a0postaci pisemnej, za pomoc\u0105 systemu do przyjmowania zg\u0142osze\u0144.<strong>\u00a0Formularz s\u0142u\u017c\u0105cy do przes\u0142ania zg\u0142oszenia jest dost\u0119pny na stronie: <a href=\"https:\/\/sygnanet.pl\/DPS_Opoka\">https:\/\/sygnanet.pl\/DPS_Opoka<\/a><\/strong><strong>. Na tej samej stronie mo\u017cna tak\u017ce monitorowa\u0107 status swojego zg\u0142oszenia.\u00a0\u00a0<\/strong><\/p><p lang=\"pl-PL\">Dopuszcza si\u0119 mo\u017cliwo\u015b\u0107 przes\u0142ania zg\u0142oszenia poczt\u0105 na adres plac\u00f3wki, z\u00a0dopiskiem na kopercie \u201ePoufne \u2013 zg\u0142oszenie nieprawid\u0142owo\u015bci \u2013 do r\u0105k w\u0142asnych osoby wyznaczonej do przyjmowania zg\u0142osze\u0144\u201d.<\/p><p><span lang=\"pl-PL\"><strong>\u00a0<\/strong><\/span><\/p><h2><span lang=\"pl-PL\"><strong>Co musz\u0119 poda\u0107 w\u00a0zg\u0142oszeniu?<\/strong><\/span><\/h2><p lang=\"pl-PL\">Zg\u0142oszenie powinno zawiera\u0107:<\/p><ol><li><p lang=\"pl-PL\">orientacyjny lub precyzyjny termin\u00a0 zdarzenia,<\/p><\/li><li><p lang=\"pl-PL\">opis nieprawid\u0142owo\u015bci, w\u00a0tym\u00a0r\u00f3wnie\u017c:<\/p><\/li><\/ol><ol type=\"a\"><li><p lang=\"pl-PL\">dane osoby, kt\u00f3ra dopu\u015bci\u0142a si\u0119 naruszenia prawa, tj. imi\u0119, nazwisko, a\u00a0je\u015bli wskazanie osoby nie jest mo\u017cliwe \u2013 stanowisko lub ewentualnie zakres wykonywanych przez osob\u0119 zada\u0144 lub kompetencji,<\/p><\/li><li><p lang=\"pl-PL\">dane kontrahenta DPS Opoka &#8211; je\u017celi sygnalist\u0105 jest osoba \u015bwiadcz\u0105ca prac\u0119 pod nadzorem i\u00a0kierownictwem wykonawcy, podwykonawcy lub dostawcy.<\/p><\/li><\/ol><ol start=\"3\"><li><p lang=\"pl-PL\">imi\u0119 i\u00a0nazwisko zg\u0142aszaj\u0105cego,<\/p><\/li><li><p lang=\"pl-PL\">adres do kontaktu.<\/p><\/li><\/ol><p lang=\"pl-PL\">Zg\u0142oszenie mo\u017ce zosta\u0107 uzupe\u0142nione zebranymi dowodami i\u00a0wykazem \u015bwiadk\u00f3w.<\/p><p><span lang=\"pl-PL\">Zg\u0142oszenie wraz z za\u0142\u0105cznikami nale\u017cy przesy\u0142a\u0107 wy\u0142\u0105cznie przez formularz dost\u0119pny na stronie <a href=\"https:\/\/sygnanet.pl\/DPS_Opoka\">https:\/\/sygnanet.pl\/DPS_Opoka<\/a><\/span><span lang=\"pl-PL\"><strong>.<\/strong><\/span><\/p><p><span lang=\"pl-PL\"><strong>Zg\u0142oszenie przes\u0142ane przez formularz dost\u0119pny na stronie <a href=\"https:\/\/sygnanet.pl\/DPS_Opoka\">https:\/\/sygnanet.pl\/DPS_Opoka<\/a><\/strong><\/span><span lang=\"pl-PL\"><strong>\u00a0<\/strong><\/span><span lang=\"pl-PL\"><strong>b\u0119dzie zaszyfrowane i\u00a0w\u00a0spos\u00f3b poufny przekazane osobie upowa\u017cnionej do przyjmowania i\u00a0weryfikacji zg\u0142osze\u0144 i\u00a0podejmowania dzia\u0142a\u0144 nast\u0119pczych.<\/strong><\/span><\/p><p><span lang=\"pl-PL\"><strong>\u00a0<\/strong><\/span><\/p><h2><strong>Informacje szczeg\u00f3\u0142owe o\u00a0ochronie danych osobowych<\/strong><\/h2><ul><li><a href=\"https:\/\/opoka.gliwice.pl\/wp-content\/uploads\/2024\/12\/Informacja_szczegolowa_o_przetwarzaniu_danych_osobowych_sygnalisty-1.pdf\">Informacja szczeg\u00f3\u0142owa o\u00a0przetwarzaniu danych osobowych sygnalisty<\/a><\/li><\/ul><ul><li><a href=\"https:\/\/opoka.gliwice.pl\/wp-content\/uploads\/2024\/12\/Informacja_szczegolowa_p_przetwarzaniu_danych_osobowych_osobie_pomagajacej_sygnaliscie_osobie_z_nim_powiazanej-1.pdf\">Informacja szczeg\u00f3\u0142owa o\u00a0przetwarzaniu danych osobowych &#8211; dla osoby pomagaj\u0105cej w\u00a0dokonaniu zg\u0142oszenia oraz osoby powi\u0105zanej z\u00a0sygnalist\u0105<\/a><\/li><\/ul><ul><li><a href=\"https:\/\/opoka.gliwice.pl\/wp-content\/uploads\/2024\/12\/Informacja_szczegolowa_o_przetwarzaniu_danych_osobowych_dla_osoby_ktorej_dotyczy_zgloszenie.pdf\">Informacja szczeg\u00f3\u0142owa o\u00a0przetwarzaniu danych osobowych &#8211; dla osoby kt\u00f3rej dotyczy zg\u0142oszenie<\/a><\/li><\/ul>\t\t\t\t\t\t\t\t<\/div>\n\t\t\t\t<\/div>\n\t\t\t\t\t<\/div>\n\t\t\t\t<\/div>\n\t\t\t\t<\/div>\n\t\t","protected":false},"excerpt":{"rendered":"<p>Start Sygnali\u015bci Informacje na temat obowi\u0105zuj\u0105cych w\u00a0Domu Pomocy Spo\u0142ecznej Opokaw Gliwicach procedur dokonywania zg\u0142osze\u0144 narusze\u0144 prawa i\u00a0podejmowania dzia\u0142a\u0144 nast\u0119pczych. \u00a0 Zg\u0142oszenia wewn\u0119trzne \u00a0 Zarz\u0105dzenie wewn\u0119trzne nr 24\/2024 Dyrektora Domu Pomocy Spo\u0142ecznej Opoka w\u00a0Gliwicach z\u00a0dnia 18 wrze\u015bnia 2024 r. w\u00a0sprawie wprowadzenia w\u00a0Domu Pomocy Spo\u0142ecznej Opoka w\u00a0Gliwicach wewn\u0119trznej procedury dokonywania zg\u0142osze\u0144 narusze\u0144 prawa i\u00a0podejmowania dzia\u0142a\u0144 nast\u0119pczych.\u00a0(PDF skan) [&hellip;]<\/p>\n","protected":false},"author":1,"featured_media":0,"parent":0,"menu_order":0,"comment_status":"closed","ping_status":"closed","template":"","meta":{"footnotes":""},"class_list":["post-63","page","type-page","status-publish","hentry"],"_links":{"self":[{"href":"https:\/\/opoka.gliwice.pl\/index.php\/wp-json\/wp\/v2\/pages\/63","targetHints":{"allow":["GET"]}}],"collection":[{"href":"https:\/\/opoka.gliwice.pl\/index.php\/wp-json\/wp\/v2\/pages"}],"about":[{"href":"https:\/\/opoka.gliwice.pl\/index.php\/wp-json\/wp\/v2\/types\/page"}],"author":[{"embeddable":true,"href":"https:\/\/opoka.gliwice.pl\/index.php\/wp-json\/wp\/v2\/users\/1"}],"replies":[{"embeddable":true,"href":"https:\/\/opoka.gliwice.pl\/index.php\/wp-json\/wp\/v2\/comments?post=63"}],"version-history":[{"count":25,"href":"https:\/\/opoka.gliwice.pl\/index.php\/wp-json\/wp\/v2\/pages\/63\/revisions"}],"predecessor-version":[{"id":731,"href":"https:\/\/opoka.gliwice.pl\/index.php\/wp-json\/wp\/v2\/pages\/63\/revisions\/731"}],"wp:attachment":[{"href":"https:\/\/opoka.gliwice.pl\/index.php\/wp-json\/wp\/v2\/media?parent=63"}],"curies":[{"name":"wp","href":"https:\/\/api.w.org\/{rel}","templated":true}]}}