{"id":59,"date":"2024-12-11T18:43:18","date_gmt":"2024-12-11T17:43:18","guid":{"rendered":"https:\/\/opoka.gliwice.pl\/?page_id=59"},"modified":"2024-12-23T20:09:06","modified_gmt":"2024-12-23T19:09:06","slug":"rodo","status":"publish","type":"page","link":"https:\/\/opoka.gliwice.pl\/index.php\/rodo\/","title":{"rendered":"RODO"},"content":{"rendered":"\t\t<div data-elementor-type=\"wp-page\" data-elementor-id=\"59\" class=\"elementor elementor-59\">\n\t\t\t\t<div class=\"elementor-element elementor-element-17652946 e-flex e-con-boxed e-con e-parent\" data-id=\"17652946\" data-element_type=\"container\" data-e-type=\"container\">\n\t\t\t\t\t<div class=\"e-con-inner\">\n\t\t\t\t<div class=\"elementor-element elementor-element-1ccdaf5d elementor-widget elementor-widget-hfe-breadcrumbs-widget\" data-id=\"1ccdaf5d\" data-element_type=\"widget\" data-e-type=\"widget\" data-widget_type=\"hfe-breadcrumbs-widget.default\">\n\t\t\t\t<div class=\"elementor-widget-container\">\n\t\t\t\t\t<nav aria-label=\"Breadcrumb\"><ul class=\"hfe-breadcrumbs hfe-breadcrumbs-show-home\"><li class=\"hfe-breadcrumbs-item hfe-breadcrumbs-first\"><span class=\"hfe-breadcrumbs-home-icon\"><svg aria-hidden=\"true\" class=\"e-font-icon-svg e-fas-home\" viewBox=\"0 0 576 512\" xmlns=\"http:\/\/www.w3.org\/2000\/svg\"><path d=\"M280.37 148.26L96 300.11V464a16 16 0 0 0 16 16l112.06-.29a16 16 0 0 0 15.92-16V368a16 16 0 0 1 16-16h64a16 16 0 0 1 16 16v95.64a16 16 0 0 0 16 16.05L464 480a16 16 0 0 0 16-16V300L295.67 148.26a12.19 12.19 0 0 0-15.3 0zM571.6 251.47L488 182.56V44.05a12 12 0 0 0-12-12h-56a12 12 0 0 0-12 12v72.61L318.47 43a48 48 0 0 0-61 0L4.34 251.47a12 12 0 0 0-1.6 16.9l25.5 31A12 12 0 0 0 45.15 301l235.22-193.74a12.19 12.19 0 0 1 15.3 0L530.9 301a12 12 0 0 0 16.9-1.6l25.5-31a12 12 0 0 0-1.7-16.93z\"><\/path><\/svg><\/span><a href=\"https:\/\/opoka.gliwice.pl\"><span class=\"hfe-breadcrumbs-text\">Start<\/span><\/a><\/li><\/ul><\/nav>\t\t\t\t<\/div>\n\t\t\t\t<\/div>\n\t\t\t\t\t<\/div>\n\t\t\t\t<\/div>\n\t\t<div class=\"elementor-element elementor-element-6afb5e12 e-flex e-con-boxed e-con e-parent\" data-id=\"6afb5e12\" data-element_type=\"container\" data-e-type=\"container\">\n\t\t\t\t\t<div class=\"e-con-inner\">\n\t\t\t\t<div class=\"elementor-element elementor-element-2919e39a animated-slow elementor-invisible elementor-widget elementor-widget-heading\" data-id=\"2919e39a\" data-element_type=\"widget\" data-e-type=\"widget\" data-settings=\"{&quot;_animation&quot;:&quot;fadeIn&quot;}\" data-widget_type=\"heading.default\">\n\t\t\t\t<div class=\"elementor-widget-container\">\n\t\t\t\t\t<h1 class=\"elementor-heading-title elementor-size-default\">RODO<\/h1>\t\t\t\t<\/div>\n\t\t\t\t<\/div>\n\t\t\t\t<div class=\"elementor-element elementor-element-7febe5a0 animated-slow elementor-widget-divider--view-line elementor-invisible elementor-widget elementor-widget-divider\" data-id=\"7febe5a0\" data-element_type=\"widget\" data-e-type=\"widget\" data-settings=\"{&quot;_animation&quot;:&quot;fadeInRight&quot;}\" data-widget_type=\"divider.default\">\n\t\t\t\t<div class=\"elementor-widget-container\">\n\t\t\t\t\t\t\t<div class=\"elementor-divider\">\n\t\t\t<span class=\"elementor-divider-separator\">\n\t\t\t\t\t\t<\/span>\n\t\t<\/div>\n\t\t\t\t\t\t<\/div>\n\t\t\t\t<\/div>\n\t\t\t\t\t<\/div>\n\t\t\t\t<\/div>\n\t\t<div class=\"elementor-element elementor-element-340d67c0 e-flex e-con-boxed e-con e-parent\" data-id=\"340d67c0\" data-element_type=\"container\" data-e-type=\"container\">\n\t\t\t\t\t<div class=\"e-con-inner\">\n\t\t\t\t<div class=\"elementor-element elementor-element-c119af6 elementor-widget elementor-widget-text-editor\" data-id=\"c119af6\" data-element_type=\"widget\" data-e-type=\"widget\" data-widget_type=\"text-editor.default\">\n\t\t\t\t<div class=\"elementor-widget-container\">\n\t\t\t\t\t\t\t\t\t<p>Informacja o ochronie danych osobowych<\/p><p>1. Administratorem danych osobowych w rozumieniu przepis\u00f3w ROZPORZ\u0104DZENIA PARLAMENTU EUROPEJSKIEGO I RADY (UE) 2016\/679 z\u00a0dnia 27 kwietnia 2016 r. w\u00a0sprawie ochrony os\u00f3b fizycznych w zwi\u0105zku z\u00a0przetwarzaniem danych osobowych i\u00a0w sprawie swobodnego przep\u0142ywu takich danych, jest: Dom Pomocy Spo\u0142ecznej \u201eOPOKA\u201d w\u00a0Gliwicach, ul. Pszczy\u0144ska 100, 44-100 Gliwice, tel. (32) 232-21-91, e-mail: sekretariat@dpsp.gliwice.eu a\u00a0czynno\u015bci w\u00a0sprawach zakresu ochrony danych osobowych dokonuje Dyrektor.<\/p><p>2. Prezydent Miasta Gliwice i miejskie jednostki organizacyjne (wymienione w\u00a0Regulaminie Organizacyjnym Urz\u0119du Miejskiego w Gliwicach, w tabeli nr 1 \u201eWykaz miejskich jednostek organizacyjnych\u201d) s\u0105 wsp\u00f3\u0142administratorami danych osobowych zgodnie z ustaleniami przyj\u0119tymi zarz\u0105dzeniem organizacyjnym nr 84\/19 Prezydenta Miasta Gliwice z dnia 12.08.2019<\/p><p>3. Kontakt z Inspektorem Ochrony Danych: iodo@op.pl . Osoby niekorzystaj\u0105ce z poczty elektronicznej mog\u0105 z\u0142o\u017cy\u0107 zapytanie do protoko\u0142u w Domu Pomocy Spo\u0142ecznej \u201eOPOKA\u201d, ul. Pszczy\u0144ska 100, wskazuj\u0105c form\u0119 w jakiej oczekuj\u0105 Pa\u0144stwo odpowiedzi i\u00a0podaj\u0105c dane kontaktowe niezb\u0119dne do sposobu udzielenia tej\u017ce odpowiedzi.<\/p><p>4. Celem przetwarzania danych jest organizacja pobytu mieszka\u0144c\u00f3w Domu Pomocy Spo\u0142ecznej \u201eOPOKA\u201d.<\/p><p>5. Podstaw\u0105 przetwarzania danych osobowych jest: Art. 6 ust. 1 lit. a) i lit. c) oraz art. 9 ust. 2 lit. g) Rozporz\u0105dzenia Parlamentu Europejskiego i Rady (UE) 2016\/679 z dnia 27 kwietnia 2016 r. w sprawie ochrony os\u00f3b fizycznych w\u00a0zwi\u0105zku z\u00a0przetwarzaniem danych osobowych i\u00a0w\u00a0sprawie swobodnego przyp\u0142ywu takich danych oraz uchylenia dyrektywy 95\/46\/WE;<\/p><p>a) Przepisy prawa: ustawa z dnia 12 marca 2004r. o pomocy spo\u0142ecznej i\u00a0Rozporz\u0105dzenie Ministra Pracy i\u00a0Polityki Spo\u0142ecznej z\u00a0dnia 23 sierpnia 2012 r. w sprawie dom\u00f3w pomocy spo\u0142ecznej,<br \/>b) Zgoda osoby, kt\u00f3rej dane dotycz\u0105.<\/p><p>6. Pa\u0144stwa dane osobowe nie b\u0119d\u0105 przekazywane innym podmiotom za wyj\u0105tkiem:<\/p><p>a) Podmiot\u00f3w uprawnionych do ich przetwarzania na podstawie przepis\u00f3w prawa.<\/p><p>b) Podmiot\u00f3w \u015bwiadcz\u0105cych wsparcie techniczne dla system\u00f3w informatycznych i\u00a0teleinformatycznych, w kt\u00f3rych Pa\u0144stwa dane osobowe s\u0105 przetwarzane.<\/p><p>7. Dane osobowe b\u0119d\u0105 przechowywane jedynie w okresie niezb\u0119dnym do realizacji celu, dla kt\u00f3rego zosta\u0142y zebrane lub w okresie wyznaczonym przepisami prawa. Po zrealizowaniu celu, dla kt\u00f3rego dane zosta\u0142y zebrane, mog\u0105 one by\u0107 przechowywane jedynie w celach archiwalnych, przez okres, kt\u00f3ry wyznaczony zostanie na podstawie rozporz\u0105dzenia Prezesa Rady Ministr\u00f3w w sprawie instrukcji kancelaryjnej, jednolitych rzeczowych wykaz\u00f3w akt oraz instrukcji w sprawie organizacji i\u00a0zakresu dzia\u0142ania archiw\u00f3w zak\u0142adowych, chyba \u017ce przepisy szczeg\u00f3lne stanowi\u0105 inaczej.<\/p><p>8. Dane osobowe przetwarzane na podstawie zgody b\u0119d\u0105 przechowywane do momentu wycofania zgody lub zgodnie z\u00a0punktem 7.<\/p><p>9. Informujemy, \u017ce przys\u0142uguje Pani\/Panu prawo do:<br \/>a) dost\u0119pu do swoich danych osobowych i\u00a0otrzymania ich kopii;<br \/>b) poprawiania, przenoszenia i\u00a0uzupe\u0142niania swoich danych osobowych, ograniczenia przetwarzania;<br \/>c) cofni\u0119cia zgody, usuni\u0119cia danych przetwarzanych na podstawie zgody; cofni\u0119cie zgody nie b\u0119dzie mia\u0142o wp\u0142ywu na zgodno\u015b\u0107 z\u00a0prawem przetwarzania, kt\u00f3rego dokonano na podstawie zgody przed jej cofni\u0119ciem.<br \/>d) wniesienia skargi do organu nadzorczego \u2013 Prezesa Urz\u0119du Ochrony Danych Osobowych.<\/p><p>10. Podanie danych osobowych zgodnie z pkt 5 ppkt a) jest obowi\u0105zkiem ustawowym.<\/p><p>11. Podanie danych osobowych zgodnie z pkt 5 ppkt b) jest obowi\u0105zkiem umownym. Niewyra\u017cenie zgody b\u0119dzie skutkowa\u0142o brakiem mo\u017cliwo\u015bci wykonywania czynno\u015bci, obj\u0119tej zgod\u0105 na przetwarzanie danych osobowych.<\/p><p>12. Podane dane osobowe nie s\u0142u\u017c\u0105 do zautomatyzowanego podejmowania decyzji, w tym profilowania.<\/p>\t\t\t\t\t\t\t\t<\/div>\n\t\t\t\t<\/div>\n\t\t\t\t\t<\/div>\n\t\t\t\t<\/div>\n\t\t\t\t<\/div>\n\t\t","protected":false},"excerpt":{"rendered":"<p>Start RODO Informacja o ochronie danych osobowych 1. Administratorem danych osobowych w rozumieniu przepis\u00f3w ROZPORZ\u0104DZENIA PARLAMENTU EUROPEJSKIEGO I RADY (UE) 2016\/679 z\u00a0dnia 27 kwietnia 2016 r. w\u00a0sprawie ochrony os\u00f3b fizycznych w zwi\u0105zku z\u00a0przetwarzaniem danych osobowych i\u00a0w sprawie swobodnego przep\u0142ywu takich danych, jest: Dom Pomocy Spo\u0142ecznej \u201eOPOKA\u201d w\u00a0Gliwicach, ul. Pszczy\u0144ska 100, 44-100 Gliwice, tel. (32) 232-21-91, [&hellip;]<\/p>\n","protected":false},"author":1,"featured_media":0,"parent":0,"menu_order":0,"comment_status":"closed","ping_status":"closed","template":"","meta":{"footnotes":""},"class_list":["post-59","page","type-page","status-publish","hentry"],"_links":{"self":[{"href":"https:\/\/opoka.gliwice.pl\/index.php\/wp-json\/wp\/v2\/pages\/59","targetHints":{"allow":["GET"]}}],"collection":[{"href":"https:\/\/opoka.gliwice.pl\/index.php\/wp-json\/wp\/v2\/pages"}],"about":[{"href":"https:\/\/opoka.gliwice.pl\/index.php\/wp-json\/wp\/v2\/types\/page"}],"author":[{"embeddable":true,"href":"https:\/\/opoka.gliwice.pl\/index.php\/wp-json\/wp\/v2\/users\/1"}],"replies":[{"embeddable":true,"href":"https:\/\/opoka.gliwice.pl\/index.php\/wp-json\/wp\/v2\/comments?post=59"}],"version-history":[{"count":13,"href":"https:\/\/opoka.gliwice.pl\/index.php\/wp-json\/wp\/v2\/pages\/59\/revisions"}],"predecessor-version":[{"id":622,"href":"https:\/\/opoka.gliwice.pl\/index.php\/wp-json\/wp\/v2\/pages\/59\/revisions\/622"}],"wp:attachment":[{"href":"https:\/\/opoka.gliwice.pl\/index.php\/wp-json\/wp\/v2\/media?parent=59"}],"curies":[{"name":"wp","href":"https:\/\/api.w.org\/{rel}","templated":true}]}}