{"id":57,"date":"2024-12-11T18:43:04","date_gmt":"2024-12-11T17:43:04","guid":{"rendered":"https:\/\/opoka.gliwice.pl\/?page_id=57"},"modified":"2024-12-23T20:07:51","modified_gmt":"2024-12-23T19:07:51","slug":"realizowane-projekty","status":"publish","type":"page","link":"https:\/\/opoka.gliwice.pl\/index.php\/realizowane-projekty\/","title":{"rendered":"Realizowane Projekty"},"content":{"rendered":"\t\t<div data-elementor-type=\"wp-page\" data-elementor-id=\"57\" class=\"elementor elementor-57\">\n\t\t\t\t<div class=\"elementor-element elementor-element-625a2b4 e-flex e-con-boxed e-con e-parent\" data-id=\"625a2b4\" data-element_type=\"container\" data-e-type=\"container\">\n\t\t\t\t\t<div class=\"e-con-inner\">\n\t\t\t\t<div class=\"elementor-element elementor-element-23c391ef elementor-widget elementor-widget-hfe-breadcrumbs-widget\" data-id=\"23c391ef\" data-element_type=\"widget\" data-e-type=\"widget\" data-widget_type=\"hfe-breadcrumbs-widget.default\">\n\t\t\t\t<div class=\"elementor-widget-container\">\n\t\t\t\t\t<nav aria-label=\"Breadcrumb\"><ul class=\"hfe-breadcrumbs hfe-breadcrumbs-show-home\"><li class=\"hfe-breadcrumbs-item hfe-breadcrumbs-first\"><span class=\"hfe-breadcrumbs-home-icon\"><svg aria-hidden=\"true\" class=\"e-font-icon-svg e-fas-home\" viewBox=\"0 0 576 512\" xmlns=\"http:\/\/www.w3.org\/2000\/svg\"><path d=\"M280.37 148.26L96 300.11V464a16 16 0 0 0 16 16l112.06-.29a16 16 0 0 0 15.92-16V368a16 16 0 0 1 16-16h64a16 16 0 0 1 16 16v95.64a16 16 0 0 0 16 16.05L464 480a16 16 0 0 0 16-16V300L295.67 148.26a12.19 12.19 0 0 0-15.3 0zM571.6 251.47L488 182.56V44.05a12 12 0 0 0-12-12h-56a12 12 0 0 0-12 12v72.61L318.47 43a48 48 0 0 0-61 0L4.34 251.47a12 12 0 0 0-1.6 16.9l25.5 31A12 12 0 0 0 45.15 301l235.22-193.74a12.19 12.19 0 0 1 15.3 0L530.9 301a12 12 0 0 0 16.9-1.6l25.5-31a12 12 0 0 0-1.7-16.93z\"><\/path><\/svg><\/span><a href=\"https:\/\/opoka.gliwice.pl\"><span class=\"hfe-breadcrumbs-text\">Start<\/span><\/a><\/li><\/ul><\/nav>\t\t\t\t<\/div>\n\t\t\t\t<\/div>\n\t\t\t\t\t<\/div>\n\t\t\t\t<\/div>\n\t\t<div class=\"elementor-element elementor-element-5c708177 e-flex e-con-boxed e-con e-parent\" data-id=\"5c708177\" data-element_type=\"container\" data-e-type=\"container\">\n\t\t\t\t\t<div class=\"e-con-inner\">\n\t\t\t\t<div class=\"elementor-element elementor-element-6118a934 animated-slow elementor-invisible elementor-widget elementor-widget-heading\" data-id=\"6118a934\" data-element_type=\"widget\" data-e-type=\"widget\" data-settings=\"{&quot;_animation&quot;:&quot;fadeIn&quot;}\" data-widget_type=\"heading.default\">\n\t\t\t\t<div class=\"elementor-widget-container\">\n\t\t\t\t\t<h2 class=\"elementor-heading-title elementor-size-default\">Realizowane Projekty<\/h2>\t\t\t\t<\/div>\n\t\t\t\t<\/div>\n\t\t\t\t<div class=\"elementor-element elementor-element-40e95bf4 animated-slow elementor-widget-divider--view-line elementor-invisible elementor-widget elementor-widget-divider\" data-id=\"40e95bf4\" data-element_type=\"widget\" data-e-type=\"widget\" data-settings=\"{&quot;_animation&quot;:&quot;fadeInRight&quot;}\" data-widget_type=\"divider.default\">\n\t\t\t\t<div class=\"elementor-widget-container\">\n\t\t\t\t\t\t\t<div class=\"elementor-divider\">\n\t\t\t<span class=\"elementor-divider-separator\">\n\t\t\t\t\t\t<\/span>\n\t\t<\/div>\n\t\t\t\t\t\t<\/div>\n\t\t\t\t<\/div>\n\t\t\t\t\t<\/div>\n\t\t\t\t<\/div>\n\t\t<div class=\"elementor-element elementor-element-1a2e0e7 e-grid e-con-boxed e-con e-parent\" data-id=\"1a2e0e7\" data-element_type=\"container\" data-e-type=\"container\">\n\t\t\t\t\t<div class=\"e-con-inner\">\n\t\t<div class=\"elementor-element elementor-element-66b1bf1 e-con-full e-flex e-con e-child\" data-id=\"66b1bf1\" data-element_type=\"container\" data-e-type=\"container\">\n\t\t\t\t<div class=\"elementor-element elementor-element-cef2812 elementor-widget elementor-widget-image\" data-id=\"cef2812\" data-element_type=\"widget\" data-e-type=\"widget\" data-widget_type=\"image.default\">\n\t\t\t\t<div class=\"elementor-widget-container\">\n\t\t\t\t\t\t\t\t\t\t\t\t<figure class=\"wp-caption\">\n\t\t\t\t\t\t\t\t\t\t\t<a href=\"https:\/\/opoka.gliwice.pl\/wp-content\/uploads\/2024\/12\/image-7.png\" data-elementor-open-lightbox=\"yes\" data-elementor-lightbox-title=\"Projekt &quot;Kooperacje 3D - model wielosektorowej wsp\u00f3\u0142pracy na rzecz wsparcia os\u00f3b i rodzin&quot;\" data-e-action-hash=\"#elementor-action%3Aaction%3Dlightbox%26settings%3DeyJpZCI6MTYsInVybCI6Imh0dHBzOlwvXC9vcG9rYS5nbGl3aWNlLnBsXC93cC1jb250ZW50XC91cGxvYWRzXC8yMDI0XC8xMlwvaW1hZ2UtNy5wbmcifQ%3D%3D\">\n\t\t\t\t\t\t\t<img fetchpriority=\"high\" decoding=\"async\" width=\"571\" height=\"800\" src=\"https:\/\/opoka.gliwice.pl\/wp-content\/uploads\/2024\/12\/image-7.png\" class=\"attachment-medium_large size-medium_large wp-image-16\" alt=\"Projekt &quot;Kooperacje 3D - model wielosektorowej wsp\u00f3\u0142pracy na rzecz wsparcia os\u00f3b i rodzin&quot;\" srcset=\"https:\/\/opoka.gliwice.pl\/wp-content\/uploads\/2024\/12\/image-7.png 571w, https:\/\/opoka.gliwice.pl\/wp-content\/uploads\/2024\/12\/image-7-214x300.png 214w\" sizes=\"(max-width: 571px) 100vw, 571px\" \/>\t\t\t\t\t\t\t\t<\/a>\n\t\t\t\t\t\t\t\t\t\t\t<figcaption class=\"widget-image-caption wp-caption-text\">\"Kooperacje 3D\"<\/figcaption>\n\t\t\t\t\t\t\t\t\t\t<\/figure>\n\t\t\t\t\t\t\t\t\t<\/div>\n\t\t\t\t<\/div>\n\t\t\t\t<\/div>\n\t\t<div class=\"elementor-element elementor-element-10e4de5 e-con-full e-flex e-con e-child\" data-id=\"10e4de5\" data-element_type=\"container\" data-e-type=\"container\">\n\t\t\t\t<div class=\"elementor-element elementor-element-6b87d66 elementor-widget elementor-widget-image\" data-id=\"6b87d66\" data-element_type=\"widget\" data-e-type=\"widget\" data-widget_type=\"image.default\">\n\t\t\t\t<div class=\"elementor-widget-container\">\n\t\t\t\t\t\t\t\t\t\t\t\t<figure class=\"wp-caption\">\n\t\t\t\t\t\t\t\t\t\t\t<a href=\"https:\/\/opoka.gliwice.pl\/wp-content\/uploads\/2024\/12\/image-6.png\" data-elementor-open-lightbox=\"yes\" data-elementor-lightbox-title=\"&quot;\u015al\u0105skie Pomaga&quot;\" data-e-action-hash=\"#elementor-action%3Aaction%3Dlightbox%26settings%3DeyJpZCI6MTUsInVybCI6Imh0dHBzOlwvXC9vcG9rYS5nbGl3aWNlLnBsXC93cC1jb250ZW50XC91cGxvYWRzXC8yMDI0XC8xMlwvaW1hZ2UtNi5wbmcifQ%3D%3D\">\n\t\t\t\t\t\t\t<img decoding=\"async\" width=\"572\" height=\"800\" src=\"https:\/\/opoka.gliwice.pl\/wp-content\/uploads\/2024\/12\/image-6.png\" class=\"attachment-medium_large size-medium_large wp-image-15\" alt=\"&quot;\u015al\u0105skie Pomaga&quot;\" srcset=\"https:\/\/opoka.gliwice.pl\/wp-content\/uploads\/2024\/12\/image-6.png 572w, https:\/\/opoka.gliwice.pl\/wp-content\/uploads\/2024\/12\/image-6-215x300.png 215w\" sizes=\"(max-width: 572px) 100vw, 572px\" \/>\t\t\t\t\t\t\t\t<\/a>\n\t\t\t\t\t\t\t\t\t\t\t<figcaption class=\"widget-image-caption wp-caption-text\">\"\u015al\u0105skie Pomaga\"<\/figcaption>\n\t\t\t\t\t\t\t\t\t\t<\/figure>\n\t\t\t\t\t\t\t\t\t<\/div>\n\t\t\t\t<\/div>\n\t\t\t\t<\/div>\n\t\t<div class=\"elementor-element elementor-element-631b726 e-con-full e-flex e-con e-child\" data-id=\"631b726\" data-element_type=\"container\" data-e-type=\"container\">\n\t\t\t\t<div class=\"elementor-element elementor-element-2669f17 elementor-widget elementor-widget-image\" data-id=\"2669f17\" data-element_type=\"widget\" data-e-type=\"widget\" data-widget_type=\"image.default\">\n\t\t\t\t<div class=\"elementor-widget-container\">\n\t\t\t\t\t\t\t\t\t\t\t\t<figure class=\"wp-caption\">\n\t\t\t\t\t\t\t\t\t\t\t<a href=\"https:\/\/opoka.gliwice.pl\/wp-content\/uploads\/2024\/12\/image-5.png\" data-elementor-open-lightbox=\"yes\" data-elementor-lightbox-title=\"Projekt &quot;\u015al\u0105skie Kadry DPS vs Covid-19&quot;\" data-e-action-hash=\"#elementor-action%3Aaction%3Dlightbox%26settings%3DeyJpZCI6MTQsInVybCI6Imh0dHBzOlwvXC9vcG9rYS5nbGl3aWNlLnBsXC93cC1jb250ZW50XC91cGxvYWRzXC8yMDI0XC8xMlwvaW1hZ2UtNS5wbmcifQ%3D%3D\">\n\t\t\t\t\t\t\t<img decoding=\"async\" width=\"565\" height=\"800\" src=\"https:\/\/opoka.gliwice.pl\/wp-content\/uploads\/2024\/12\/image-5.png\" class=\"attachment-medium_large size-medium_large wp-image-14\" alt=\"Projekt &quot;\u015al\u0105skie Kadry DPS vs Covid-19&quot;\" srcset=\"https:\/\/opoka.gliwice.pl\/wp-content\/uploads\/2024\/12\/image-5.png 565w, https:\/\/opoka.gliwice.pl\/wp-content\/uploads\/2024\/12\/image-5-212x300.png 212w\" sizes=\"(max-width: 565px) 100vw, 565px\" \/>\t\t\t\t\t\t\t\t<\/a>\n\t\t\t\t\t\t\t\t\t\t\t<figcaption class=\"widget-image-caption wp-caption-text\">\u015al\u0105skie Kadry DPS vs COVID-19<\/figcaption>\n\t\t\t\t\t\t\t\t\t\t<\/figure>\n\t\t\t\t\t\t\t\t\t<\/div>\n\t\t\t\t<\/div>\n\t\t\t\t<\/div>\n\t\t\t\t\t<\/div>\n\t\t\t\t<\/div>\n\t\t\t\t<\/div>\n\t\t","protected":false},"excerpt":{"rendered":"<p>Start Realizowane Projekty &#8222;Kooperacje 3D&#8221; &#8222;\u015al\u0105skie Pomaga&#8221; \u015al\u0105skie Kadry DPS vs COVID-19<\/p>\n","protected":false},"author":1,"featured_media":0,"parent":0,"menu_order":0,"comment_status":"closed","ping_status":"closed","template":"","meta":{"footnotes":""},"class_list":["post-57","page","type-page","status-publish","hentry"],"_links":{"self":[{"href":"https:\/\/opoka.gliwice.pl\/index.php\/wp-json\/wp\/v2\/pages\/57","targetHints":{"allow":["GET"]}}],"collection":[{"href":"https:\/\/opoka.gliwice.pl\/index.php\/wp-json\/wp\/v2\/pages"}],"about":[{"href":"https:\/\/opoka.gliwice.pl\/index.php\/wp-json\/wp\/v2\/types\/page"}],"author":[{"embeddable":true,"href":"https:\/\/opoka.gliwice.pl\/index.php\/wp-json\/wp\/v2\/users\/1"}],"replies":[{"embeddable":true,"href":"https:\/\/opoka.gliwice.pl\/index.php\/wp-json\/wp\/v2\/comments?post=57"}],"version-history":[{"count":7,"href":"https:\/\/opoka.gliwice.pl\/index.php\/wp-json\/wp\/v2\/pages\/57\/revisions"}],"predecessor-version":[{"id":619,"href":"https:\/\/opoka.gliwice.pl\/index.php\/wp-json\/wp\/v2\/pages\/57\/revisions\/619"}],"wp:attachment":[{"href":"https:\/\/opoka.gliwice.pl\/index.php\/wp-json\/wp\/v2\/media?parent=57"}],"curies":[{"name":"wp","href":"https:\/\/api.w.org\/{rel}","templated":true}]}}