{"id":41,"date":"2024-12-11T16:53:33","date_gmt":"2024-12-11T15:53:33","guid":{"rendered":"https:\/\/opoka.gliwice.pl\/?page_id=41"},"modified":"2026-03-17T09:12:08","modified_gmt":"2026-03-17T08:12:08","slug":"deklaracja","status":"publish","type":"page","link":"https:\/\/opoka.gliwice.pl\/index.php\/deklaracja\/","title":{"rendered":"Deklaracja Dost\u0119pno\u015bci"},"content":{"rendered":"\t\t<div data-elementor-type=\"wp-page\" data-elementor-id=\"41\" class=\"elementor elementor-41\">\n\t\t\t\t<div class=\"elementor-element elementor-element-532d5a31 e-flex e-con-boxed e-con e-parent\" data-id=\"532d5a31\" data-element_type=\"container\" data-e-type=\"container\">\n\t\t\t\t\t<div class=\"e-con-inner\">\n\t\t\t\t<div class=\"elementor-element elementor-element-786033b9 elementor-widget elementor-widget-hfe-breadcrumbs-widget\" data-id=\"786033b9\" data-element_type=\"widget\" data-e-type=\"widget\" data-widget_type=\"hfe-breadcrumbs-widget.default\">\n\t\t\t\t<div class=\"elementor-widget-container\">\n\t\t\t\t\t<nav aria-label=\"Breadcrumb\"><ul class=\"hfe-breadcrumbs hfe-breadcrumbs-show-home\"><li class=\"hfe-breadcrumbs-item hfe-breadcrumbs-first\"><span class=\"hfe-breadcrumbs-home-icon\"><svg aria-hidden=\"true\" class=\"e-font-icon-svg e-fas-home\" viewBox=\"0 0 576 512\" xmlns=\"http:\/\/www.w3.org\/2000\/svg\"><path d=\"M280.37 148.26L96 300.11V464a16 16 0 0 0 16 16l112.06-.29a16 16 0 0 0 15.92-16V368a16 16 0 0 1 16-16h64a16 16 0 0 1 16 16v95.64a16 16 0 0 0 16 16.05L464 480a16 16 0 0 0 16-16V300L295.67 148.26a12.19 12.19 0 0 0-15.3 0zM571.6 251.47L488 182.56V44.05a12 12 0 0 0-12-12h-56a12 12 0 0 0-12 12v72.61L318.47 43a48 48 0 0 0-61 0L4.34 251.47a12 12 0 0 0-1.6 16.9l25.5 31A12 12 0 0 0 45.15 301l235.22-193.74a12.19 12.19 0 0 1 15.3 0L530.9 301a12 12 0 0 0 16.9-1.6l25.5-31a12 12 0 0 0-1.7-16.93z\"><\/path><\/svg><\/span><a href=\"https:\/\/opoka.gliwice.pl\"><span class=\"hfe-breadcrumbs-text\">Start<\/span><\/a><\/li><\/ul><\/nav>\t\t\t\t<\/div>\n\t\t\t\t<\/div>\n\t\t\t\t\t<\/div>\n\t\t\t\t<\/div>\n\t\t<div class=\"elementor-element elementor-element-3c4e9335 e-flex e-con-boxed e-con e-parent\" data-id=\"3c4e9335\" data-element_type=\"container\" data-e-type=\"container\">\n\t\t\t\t\t<div class=\"e-con-inner\">\n\t\t\t\t<div class=\"elementor-element elementor-element-517826b8 animated-slow elementor-invisible elementor-widget elementor-widget-heading\" data-id=\"517826b8\" data-element_type=\"widget\" data-e-type=\"widget\" data-settings=\"{&quot;_animation&quot;:&quot;fadeIn&quot;}\" data-widget_type=\"heading.default\">\n\t\t\t\t<div class=\"elementor-widget-container\">\n\t\t\t\t\t<h1 class=\"elementor-heading-title elementor-size-default\">Deklaracja Dost\u0119pno\u015bci<\/h1>\t\t\t\t<\/div>\n\t\t\t\t<\/div>\n\t\t\t\t<div class=\"elementor-element elementor-element-227597f9 animated-slow elementor-widget-divider--view-line elementor-invisible elementor-widget elementor-widget-divider\" data-id=\"227597f9\" data-element_type=\"widget\" data-e-type=\"widget\" data-settings=\"{&quot;_animation&quot;:&quot;fadeInRight&quot;}\" data-widget_type=\"divider.default\">\n\t\t\t\t<div class=\"elementor-widget-container\">\n\t\t\t\t\t\t\t<div class=\"elementor-divider\">\n\t\t\t<span class=\"elementor-divider-separator\">\n\t\t\t\t\t\t<\/span>\n\t\t<\/div>\n\t\t\t\t\t\t<\/div>\n\t\t\t\t<\/div>\n\t\t\t\t\t<\/div>\n\t\t\t\t<\/div>\n\t\t<div class=\"elementor-element elementor-element-666cd6aa e-flex e-con-boxed e-con e-parent\" data-id=\"666cd6aa\" data-element_type=\"container\" data-e-type=\"container\">\n\t\t\t\t\t<div class=\"e-con-inner\">\n\t\t\t\t<div class=\"elementor-element elementor-element-58d1269a elementor-widget elementor-widget-text-editor\" data-id=\"58d1269a\" data-element_type=\"widget\" data-e-type=\"widget\" data-widget_type=\"text-editor.default\">\n\t\t\t\t<div class=\"elementor-widget-container\">\n\t\t\t\t\t\t\t\t\t<p lang=\"pl-PL\">Dom Pomocy Spo\u0142ecznej Opoka zobowi\u0105zuje si\u0119 zapewni\u0107 dost\u0119pno\u015b\u0107 swojej strony internetowej zgodnie z ustaw\u0105 z dnia 4 kwietnia 2019 r. o dost\u0119pno\u015bci cyfrowej stron internetowych i aplikacji mobilnych podmiot\u00f3w publicznych.<\/p><p><span lang=\"pl-PL\">Deklaracja dost\u0119pno\u015bci dotyczy strony: <\/span><span style=\"color: #4472c4;\"><span lang=\"pl-PL\"><u>https:\/\/opoka.gliwice.pl<\/u><\/span><\/span><\/p><ul><li><p lang=\"pl-PL\">Data publikacji strony internetowej: 15 grudnia 2024 r.<\/p><\/li><li><p lang=\"pl-PL\">Data ostatniej istotnej aktualizacji: 15 grudnia 2024 r.<\/p><\/li><\/ul><div>\u00a0<\/div><h2>Stan dost\u0119pno\u015bci cyfrowej<\/h2><p lang=\"pl-PL\">Ta strona internetowa jest cz\u0119\u015bciowo zgodna z za\u0142\u0105cznikiem do ustawy o dost\u0119pno\u015bci cyfrowej z dnia 4 kwietnia 2019 r. o dost\u0119pno\u015bci cyfrowej stron internetowych i aplikacji mobilnych podmiot\u00f3w publicznych z powodu [niezgodno\u015bci i wy\u0142\u0105cze\u0144] wymienionych poni\u017cej.<\/p><h2>Niedost\u0119pne tre\u015bci<\/h2><p>Kontrast kolorystyczny element\u00f3w zamieszczonych na stronie mo\u017ce w niekt\u00f3rych przypadkach nie spe\u0142nia\u0107 wymaga\u0144.<\/p><h3>Niezgodno\u015b\u0107 z za\u0142\u0105cznikiem<\/h3><div id=\"a11y-niezgodnosc-z-zalacznikiem\"><p lang=\"pl-PL\">dokumenty stanowi\u0105ce wydruki z program\u00f3w zewn\u0119trznych stanowi\u0105ce za\u0142\u0105czniki do dokumentacji zam\u00f3wie\u0144 publicznych znajduj\u0105ce si\u0119 w zak\u0142adce Zam\u00f3wienia Publiczne<\/p><\/div><h3>Tre\u015bci nieobj\u0119te przepisami<\/h3><div id=\"a11y-tresci-nieobjete-przepisami\"><p lang=\"pl-PL\">dokumenty przekazane do publikacji przez podmioty zewn\u0119trzne, kt\u00f3rych dostosowanie do wymaga\u0144 dost\u0119pno\u015bci cyfrowej wymaga modyfikacji, do kt\u00f3rej nie jeste\u015bmy uprawnieni.<\/p><\/div><h3>Przygotowanie Deklaracji Dost\u0119pno\u015bci i jej aktualizacja<\/h3><ul><li><p lang=\"pl-PL\">Data sporz\u0105dzenia deklaracji: 2024-12-15<\/p><\/li><li><p lang=\"pl-PL\">Data ostatniego przegl\u0105du deklaracji: 2026-03-17<\/p><\/li><\/ul><p><span lang=\"pl-PL\">Deklaracj\u0119 sporz\u0105dzili\u015bmy na podstawie o\u015bwiadczenia przedstawionego przez wykonawc\u0119 strony internetowej Demetriusz Wenglarczyk, kt\u00f3ry zadeklarowa\u0142 zgodno\u015b\u0107 z wytycznymi WCAG 2.1 na poziomie AA. Wykonawca przedstawi\u0142 stosowne <\/span><span style=\"color: #0563c1;\"><u><a href=\"https:\/\/opoka.gliwice.pl\/wp-content\/uploads\/2024\/12\/Oswiadczenie.pdf\" target=\"_top\"><span lang=\"pl-PL\">o\u015bwiadczenie<\/span><\/a><\/u><\/span><span lang=\"pl-PL\"> oraz w zakresie zamieszczonych na stronie informacji i dokument\u00f3w na podstawie samooceny w oparciu o <\/span><a href=\"https:\/\/opoka.gliwice.pl\/wp-content\/uploads\/2025\/04\/Oswiadczenie_dyrektora_jednostki.pdf\"><span style=\"color: #4472c4;\"><span lang=\"pl-PL\"><u>o\u015bwiadczenie dyrektora jednostki<\/u><\/span><\/span><\/a><\/p><h2>Informacje zwrotne i dane kontaktowe<\/h2><p><span lang=\"pl-PL\">Wszystkie problemy z dost\u0119pno\u015bci\u0105 cyfrow\u0105 tej strony internetowej mo\u017cesz zg\u0142osi\u0107 do Dyrektor DPS Opoka \u2014 mejlowo <\/span><span style=\"color: #0563c1;\"><u><a href=\"mailto:sekretariat@dpsp.gliwice.pl\" target=\"_top\"><span lang=\"pl-PL\">sekretariat@dpsp.gliwice.pl <\/span><\/a><\/u><\/span><span lang=\"pl-PL\">lub telefonicznie <\/span><span style=\"color: #0563c1;\"><u><a href=\"tel:+4832%20232%2021%2091%20wew.%2012\" target=\"_top\"><span lang=\"pl-PL\">32 232 21 91 wew. 12<\/span><\/a><\/u><\/span><span lang=\"pl-PL\">. <\/span><\/p><p lang=\"pl-PL\">Ka\u017cdy ma prawo wyst\u0105pi\u0107 z \u017c\u0105daniem zapewnienia dost\u0119pno\u015bci cyfrowej tej strony internetowej lub jej element\u00f3w.<\/p><p lang=\"pl-PL\">Zg\u0142aszaj\u0105c takie \u017c\u0105danie podaj:<\/p><ul><li><p lang=\"pl-PL\">swoje imi\u0119 i nazwisko,<\/p><\/li><li><p lang=\"pl-PL\">swoje dane kontaktowe (np. numer telefonu, e-mail),<\/p><\/li><li><p lang=\"pl-PL\">dok\u0142adny adres strony internetowej, na kt\u00f3rej jest niedost\u0119pny cyfrowo element lub tre\u015b\u0107,<\/p><\/li><li><p lang=\"pl-PL\">opis na czym polega problem i jaki spos\u00f3b jego rozwi\u0105zania by\u0142by dla Ciebie najwygodniejszy.<\/p><\/li><\/ul><p lang=\"pl-PL\">Na Twoje zg\u0142oszenie odpowiemy najszybciej jak to mo\u017cliwe, nie p\u00f3\u017aniej ni\u017c w ci\u0105gu 7 dni od jego otrzymania.<\/p><p lang=\"pl-PL\">Je\u017celi ten termin b\u0119dzie dla nas zbyt kr\u00f3tki poinformujemy Ci\u0119 o tym. W tej informacji podamy nowy termin, do kt\u00f3rego poprawimy zg\u0142oszone przez Ciebie b\u0142\u0119dy lub przygotujemy informacje w alternatywny spos\u00f3b. Ten nowy termin nie b\u0119dzie d\u0142u\u017cszy ni\u017c 2 miesi\u0105ce.<\/p><p lang=\"pl-PL\">Je\u017celi nie b\u0119dziemy w stanie zapewni\u0107 dost\u0119pno\u015bci cyfrowej strony internetowej lub tre\u015bci, wskazanej w Twoim \u017c\u0105daniu, zaproponujemy Ci dost\u0119p do nich w alternatywny spos\u00f3b.<\/p><section id=\"a11y-procedura\"><h3>Obs\u0142uga wniosk\u00f3w i skarg zwi\u0105zanych z dost\u0119pno\u015bci\u0105<\/h3><p>Je\u017celi w odpowiedzi na Tw\u00f3j wniosek o zapewnienie dost\u0119pno\u015bci cyfrowej, odm\u00f3wimy zapewnienia \u017c\u0105danej przez Ciebie dost\u0119pno\u015bci cyfrowej, a Ty nie zgadzasz si\u0119 z t\u0105 odmow\u0105, masz prawo z\u0142o\u017cy\u0107 skarg\u0119.<\/p><p>Skarg\u0119 masz prawo z\u0142o\u017cy\u0107 tak\u017ce, je\u015bli nie zgadzasz si\u0119 na skorzystanie z alternatywnego sposobu dost\u0119pu, kt\u00f3ry zaproponowali\u015bmy Ci w odpowiedzi na Tw\u00f3j wniosek o zapewnienie dost\u0119pno\u015bci cyfrowej.<\/p><p>Ewentualn\u0105 skarg\u0119 z\u0142\u00f3\u017c listownie lub mailem:<\/p><p><span id=\"a11y-nazwa-instytucji\">Dom Pomocy Spo\u0142ecznej OPOKA<\/span>,<br \/><span id=\"a11y-naczelnik\">Jolanta Pszcz\u00f3\u0142ka<\/span>,<br \/><span id=\"a11y-naczelnik-adres\">Adres: ul. Pszczy\u0144ska 100, 44-100 Gliwice<\/span>,<br \/>mail: <a id=\"a11y-naczelnik-mail\" href=\"mailto:sekretariat@dpsp.gliwice.eu\">sekretariat@dpsp.gliwice.eu<\/a>,<br \/>telefon: <a id=\"a11y-naczelnik-telefon\" href=\"tel:322322191\">322322191<\/a>.<\/p><p><a href=\"https:\/\/www.gov.pl\/web\/gov\/zloz-wniosek-o-zapewnienie-dostepnosci-cyfrowej-strony-internetowej-lub-aplikacji-mobilnej\">Pomocne mog\u0105 by\u0107 informacje, kt\u00f3re mo\u017cna znale\u017a\u0107 na rz\u0105dowym portalu gov.pl<\/a>.<\/p><p>Mo\u017cesz tak\u017ce poinformowa\u0107 o tej sytuacji <a href=\"https:\/\/bip.brpo.gov.pl\/\"> Rzecznika Praw Obywatelskich<\/a> i poprosi\u0107 o interwencj\u0119 w Twojej sprawie.<\/p><\/section><section id=\"a11y-architektura\"><h3>Dost\u0119pno\u015b\u0107 architektoniczna<\/h3><div id=\"a11y-opis-architektury\"><p lang=\"pl-PL\"><b>4-100 Gliwice ul. Pszczy\u0144ska 100<\/b><\/p><ul><li><p lang=\"pl-PL\">Osoby na w\u00f3zku inwalidzkim mog\u0105 wjecha\u0107 do budynku na wszystkie jego kondygnacje.<\/p><\/li><li><p lang=\"pl-PL\">Osoba na w\u00f3zku inwalidzkim mo\u017ce dosta\u0107 si\u0119 do budynku wej\u015bciem g\u0142\u00f3wnym z wykorzystaniem platformy dla os\u00f3b niepe\u0142nosprawnych obs\u0142ugiwan\u0105 przez pracownika ochrony lub wej\u015bciem bocznym, bram\u0105 otwieran\u0105 automatycznie przez pracownika ochrony. Wszystkie budynki po\u0142\u0105czone s\u0105 ci\u0105gami komunikacyjnymi, w \u015brodku budynku znajduje si\u0119 winda oraz platforma dla os\u00f3b niepe\u0142nosprawnych umo\u017cliwiaj\u0105ce dostanie si\u0119 na wszystkie kondygnacje.<\/p><\/li><li><p lang=\"pl-PL\">Drzwi i \u015bciany szklane posiadaj\u0105 poprzeczne listwy.<\/p><\/li><li><p lang=\"pl-PL\">Schody s\u0105 wyposa\u017cone w por\u0119cze, nie s\u0105 oznaczone kontrastowymi pasami. W budynku znajduje si\u0119 winda obs\u0142uguj\u0105ca wszystkie kondygnacje, nie jest wyposa\u017cona w komunikaty g\u0142osowe, przyciski nie s\u0105 oznaczone alfabetem brajla.<\/p><\/li><li><p lang=\"pl-PL\">Toalety og\u00f3lnodost\u0119pne s\u0105 dostosowane dla os\u00f3b z niepe\u0142nosprawno\u015bciami.<\/p><\/li><li><p lang=\"pl-PL\">Nie ma wyznaczonego parkingu dla os\u00f3b z niepe\u0142nosprawno\u015bciami. W uzasadnionych przypadkach istnieje mo\u017cliwo\u015b\u0107 wjechania samochodem na teren jednostki.<\/p><\/li><li><p lang=\"pl-PL\">W budynku nie ma tyflomap.<\/p><\/li><li><p lang=\"pl-PL\">Pomieszczenia w budynku nie s\u0105 oznaczone tabliczkami z wypuk\u0142ymi cyframi i alfabetem brajla. W budynku nie stosuje si\u0119 d\u017awi\u0119kowego systemu nawigacji dla os\u00f3b niewidomych. Jednostka zapewnia dost\u0119p alternatywny poprzez wsparcie pracownika ochrony.<\/p><\/li><li><p lang=\"pl-PL\">Do budynku i wszystkich jego pomieszcze\u0144 mo\u017cna wej\u015b\u0107 z psem asystuj\u0105cym i psem przewodnikiem.<\/p><\/li><\/ul><\/div><div>\u00a0<\/div><\/section><section id=\"a11y-komunikacja\"><h3>Dost\u0119pno\u015b\u0107 komunikacyjno-informacyjnaZarzadze<\/h3><div id=\"a11y-tresc-informacji-o-komunikacji\">W Domu Pomocy Spo\u0142ecznej &#8222;Opoka&#8221; nie ma mo\u017cliwo\u015bci skorzystania z t\u0142umacza polskiego j\u0119zyka migowego. Nie posiadamy urz\u0105dze\u0144 ani \u015brodk\u00f3w technicznych do obs\u0142ugi os\u00f3b s\u0142abos\u0142ysz\u0105cych. Zapewniamy dost\u0119p alternatywny w postaci wsparcia pracownika jednostki.<\/div><\/section>\t\t\t\t\t\t\t\t<\/div>\n\t\t\t\t<\/div>\n\t\t\t\t\t<\/div>\n\t\t\t\t<\/div>\n\t\t\t\t<\/div>\n\t\t","protected":false},"excerpt":{"rendered":"<p>Start Deklaracja Dost\u0119pno\u015bci Dom Pomocy Spo\u0142ecznej Opoka zobowi\u0105zuje si\u0119 zapewni\u0107 dost\u0119pno\u015b\u0107 swojej strony internetowej zgodnie z ustaw\u0105 z dnia 4 kwietnia 2019 r. o dost\u0119pno\u015bci cyfrowej stron internetowych i aplikacji mobilnych podmiot\u00f3w publicznych. Deklaracja dost\u0119pno\u015bci dotyczy strony: https:\/\/opoka.gliwice.pl Data publikacji strony internetowej: 15 grudnia 2024 r. Data ostatniej istotnej aktualizacji: 15 grudnia 2024 r. \u00a0 [&hellip;]<\/p>\n","protected":false},"author":1,"featured_media":0,"parent":0,"menu_order":0,"comment_status":"closed","ping_status":"closed","template":"","meta":{"footnotes":""},"class_list":["post-41","page","type-page","status-publish","hentry"],"_links":{"self":[{"href":"https:\/\/opoka.gliwice.pl\/index.php\/wp-json\/wp\/v2\/pages\/41","targetHints":{"allow":["GET"]}}],"collection":[{"href":"https:\/\/opoka.gliwice.pl\/index.php\/wp-json\/wp\/v2\/pages"}],"about":[{"href":"https:\/\/opoka.gliwice.pl\/index.php\/wp-json\/wp\/v2\/types\/page"}],"author":[{"embeddable":true,"href":"https:\/\/opoka.gliwice.pl\/index.php\/wp-json\/wp\/v2\/users\/1"}],"replies":[{"embeddable":true,"href":"https:\/\/opoka.gliwice.pl\/index.php\/wp-json\/wp\/v2\/comments?post=41"}],"version-history":[{"count":23,"href":"https:\/\/opoka.gliwice.pl\/index.php\/wp-json\/wp\/v2\/pages\/41\/revisions"}],"predecessor-version":[{"id":742,"href":"https:\/\/opoka.gliwice.pl\/index.php\/wp-json\/wp\/v2\/pages\/41\/revisions\/742"}],"wp:attachment":[{"href":"https:\/\/opoka.gliwice.pl\/index.php\/wp-json\/wp\/v2\/media?parent=41"}],"curies":[{"name":"wp","href":"https:\/\/api.w.org\/{rel}","templated":true}]}}