{"id":202,"date":"2024-12-11T21:08:24","date_gmt":"2024-12-11T20:08:24","guid":{"rendered":"https:\/\/opoka.gliwice.pl\/?page_id=202"},"modified":"2024-12-15T14:03:08","modified_gmt":"2024-12-15T13:03:08","slug":"polityka-prywatnosci","status":"publish","type":"page","link":"https:\/\/opoka.gliwice.pl\/index.php\/polityka-prywatnosci\/","title":{"rendered":"Polityka Prywatno\u015bci"},"content":{"rendered":"\t\t<div data-elementor-type=\"wp-page\" data-elementor-id=\"202\" class=\"elementor elementor-202\">\n\t\t\t\t<div class=\"elementor-element elementor-element-5d7897c e-flex e-con-boxed e-con e-parent\" data-id=\"5d7897c\" data-element_type=\"container\" data-e-type=\"container\">\n\t\t\t\t\t<div class=\"e-con-inner\">\n\t\t\t\t<div class=\"elementor-element elementor-element-4abe43e1 elementor-widget elementor-widget-hfe-breadcrumbs-widget\" data-id=\"4abe43e1\" data-element_type=\"widget\" data-e-type=\"widget\" data-widget_type=\"hfe-breadcrumbs-widget.default\">\n\t\t\t\t<div class=\"elementor-widget-container\">\n\t\t\t\t\t<nav aria-label=\"Breadcrumb\"><ul class=\"hfe-breadcrumbs hfe-breadcrumbs-show-home\"><li class=\"hfe-breadcrumbs-item hfe-breadcrumbs-first\"><span class=\"hfe-breadcrumbs-home-icon\"><svg aria-hidden=\"true\" class=\"e-font-icon-svg e-fas-home\" viewBox=\"0 0 576 512\" xmlns=\"http:\/\/www.w3.org\/2000\/svg\"><path d=\"M280.37 148.26L96 300.11V464a16 16 0 0 0 16 16l112.06-.29a16 16 0 0 0 15.92-16V368a16 16 0 0 1 16-16h64a16 16 0 0 1 16 16v95.64a16 16 0 0 0 16 16.05L464 480a16 16 0 0 0 16-16V300L295.67 148.26a12.19 12.19 0 0 0-15.3 0zM571.6 251.47L488 182.56V44.05a12 12 0 0 0-12-12h-56a12 12 0 0 0-12 12v72.61L318.47 43a48 48 0 0 0-61 0L4.34 251.47a12 12 0 0 0-1.6 16.9l25.5 31A12 12 0 0 0 45.15 301l235.22-193.74a12.19 12.19 0 0 1 15.3 0L530.9 301a12 12 0 0 0 16.9-1.6l25.5-31a12 12 0 0 0-1.7-16.93z\"><\/path><\/svg><\/span><a href=\"https:\/\/opoka.gliwice.pl\"><span class=\"hfe-breadcrumbs-text\">Start<\/span><\/a><\/li><\/ul><\/nav>\t\t\t\t<\/div>\n\t\t\t\t<\/div>\n\t\t\t\t\t<\/div>\n\t\t\t\t<\/div>\n\t\t<div class=\"elementor-element elementor-element-327b2f41 e-flex e-con-boxed e-con e-parent\" data-id=\"327b2f41\" data-element_type=\"container\" data-e-type=\"container\">\n\t\t\t\t\t<div class=\"e-con-inner\">\n\t\t\t\t<div class=\"elementor-element elementor-element-40f525c6 animated-slow elementor-invisible elementor-widget elementor-widget-heading\" data-id=\"40f525c6\" data-element_type=\"widget\" data-e-type=\"widget\" data-settings=\"{&quot;_animation&quot;:&quot;fadeIn&quot;}\" data-widget_type=\"heading.default\">\n\t\t\t\t<div class=\"elementor-widget-container\">\n\t\t\t\t\t<h1 class=\"elementor-heading-title elementor-size-default\">Polityka Prywatno\u015bci<\/h1>\t\t\t\t<\/div>\n\t\t\t\t<\/div>\n\t\t\t\t<div class=\"elementor-element elementor-element-1e9fab98 animated-slow elementor-widget-divider--view-line elementor-invisible elementor-widget elementor-widget-divider\" data-id=\"1e9fab98\" data-element_type=\"widget\" data-e-type=\"widget\" data-settings=\"{&quot;_animation&quot;:&quot;fadeInRight&quot;}\" data-widget_type=\"divider.default\">\n\t\t\t\t<div class=\"elementor-widget-container\">\n\t\t\t\t\t\t\t<div class=\"elementor-divider\">\n\t\t\t<span class=\"elementor-divider-separator\">\n\t\t\t\t\t\t<\/span>\n\t\t<\/div>\n\t\t\t\t\t\t<\/div>\n\t\t\t\t<\/div>\n\t\t\t\t\t<\/div>\n\t\t\t\t<\/div>\n\t\t<div class=\"elementor-element elementor-element-31f542a2 e-flex e-con-boxed e-con e-parent\" data-id=\"31f542a2\" data-element_type=\"container\" data-e-type=\"container\">\n\t\t\t\t\t<div class=\"e-con-inner\">\n\t\t\t\t<div class=\"elementor-element elementor-element-e0b4e23 elementor-widget elementor-widget-text-editor\" data-id=\"e0b4e23\" data-element_type=\"widget\" data-e-type=\"widget\" data-widget_type=\"text-editor.default\">\n\t\t\t\t<div class=\"elementor-widget-container\">\n\t\t\t\t\t\t\t\t\t<p>Korzystaj\u0105c ze strony internetowej wyra\u017casz zgod\u0119 na u\u017cywanie plik\u00f3w \u201ecookies\u201d. Je\u017celi nie zgadzasz si\u0119 na u\u017cywanie tzw. ciasteczek, powiniene\u015b zmieni\u0107 swoje zgody (przycisk w lewym dolnym rogu ekranu) lub zmieni\u0107 ustawienia swojej przegl\u0105darki lub ca\u0142kowicie zrezygnowa\u0107 z u\u017cywania strony.<\/p><h2>Co to s\u0105 ciasteczka?<\/h2><p>Ciasteczka (ang. cookies) to niewielkie pliki, kt\u00f3re s\u0105 zapisywane i\u00a0przechowywane na Twoim komputerze, tablecie lub smartphonie w momencie, kiedy korzystasz z danej witryny internetowej. Ciasteczko zazwyczaj zawiera nazw\u0119 strony internetowej, z\u00a0kt\u00f3rej pochodzi, swoj\u0105 \u201ed\u0142ugo\u015b\u0107 \u017cycia\u201d (tzn. czas jego istnienia), a tak\u017ce przypadkowo wygenerowany, unikalny numer, kt\u00f3ry s\u0142u\u017cy do identyfikacji przegl\u0105darki, z\u00a0jakiej nast\u0119puje po\u0142\u0105czenie ze stron\u0105 internetow\u0105.<\/p><h2>Do czego u\u017cywane s\u0105 ciasteczka?<\/h2><ul><li>Pomagaj\u0105, aby strona dzia\u0142a\u0142a szybciej i\u00a0by\u0142a \u0142atwiejsza w\u00a0u\u017cyciu<\/li><li>Pomagaj\u0105 lepiej dopasowa\u0107 tre\u015bci i\u00a0reklamy do Twoich oczekiwa\u0144 i\u00a0zainteresowa\u0144<\/li><li>S\u0142u\u017c\u0105 do zbierania anonimowych statystyk, kt\u00f3re pozwalaj\u0105 zrozumie\u0107, jak u\u017cywana jest strona oraz pomagaj\u0105 w poprawianiu funkcjonalno\u015bci i\u00a0zawarto\u015bci statystyk.<\/li><\/ul><h2>Konfigurowanie i usuwanie plik\u00f3w \u201ecookies\u201d z poziomu przegl\u0105darki internetowej<\/h2><p>Przegl\u0105darki internetowe domy\u015blnie dopuszczaj\u0105 umieszczanie plik\u00f3w \u201ecookies\u201d na urz\u0105dzeniu ko\u0144cowym. Ustawienia te mo\u017cesz zmieni\u0107 tak, aby blokowa\u0107 automatyczn\u0105 obs\u0142ug\u0119 plik\u00f3w \u201ecookies\u201d w\u00a0ustawieniach przegl\u0105darki internetowej lub za\u017c\u0105da\u0107 informacji o\u00a0ich ka\u017cdorazowym przes\u0142aniu na Twoje urz\u0105dzenie. Szczeg\u00f3\u0142owe informacje o\u00a0mo\u017cliwo\u015bci i\u00a0sposobach obs\u0142ugi plik\u00f3w \u201ecookies\u201d dost\u0119pne s\u0105 w\u00a0ustawieniach oprogramowania (ustawienia przegl\u0105darki internetowej).<\/p>\t\t\t\t\t\t\t\t<\/div>\n\t\t\t\t<\/div>\n\t\t\t\t\t<\/div>\n\t\t\t\t<\/div>\n\t\t\t\t<\/div>\n\t\t","protected":false},"excerpt":{"rendered":"<p>Start Polityka Prywatno\u015bci Korzystaj\u0105c ze strony internetowej wyra\u017casz zgod\u0119 na u\u017cywanie plik\u00f3w \u201ecookies\u201d. Je\u017celi nie zgadzasz si\u0119 na u\u017cywanie tzw. ciasteczek, powiniene\u015b zmieni\u0107 swoje zgody (przycisk w lewym dolnym rogu ekranu) lub zmieni\u0107 ustawienia swojej przegl\u0105darki lub ca\u0142kowicie zrezygnowa\u0107 z u\u017cywania strony. Co to s\u0105 ciasteczka? Ciasteczka (ang. cookies) to niewielkie pliki, kt\u00f3re s\u0105 zapisywane [&hellip;]<\/p>\n","protected":false},"author":1,"featured_media":0,"parent":0,"menu_order":0,"comment_status":"closed","ping_status":"closed","template":"","meta":{"footnotes":""},"class_list":["post-202","page","type-page","status-publish","hentry"],"_links":{"self":[{"href":"https:\/\/opoka.gliwice.pl\/index.php\/wp-json\/wp\/v2\/pages\/202","targetHints":{"allow":["GET"]}}],"collection":[{"href":"https:\/\/opoka.gliwice.pl\/index.php\/wp-json\/wp\/v2\/pages"}],"about":[{"href":"https:\/\/opoka.gliwice.pl\/index.php\/wp-json\/wp\/v2\/types\/page"}],"author":[{"embeddable":true,"href":"https:\/\/opoka.gliwice.pl\/index.php\/wp-json\/wp\/v2\/users\/1"}],"replies":[{"embeddable":true,"href":"https:\/\/opoka.gliwice.pl\/index.php\/wp-json\/wp\/v2\/comments?post=202"}],"version-history":[{"count":13,"href":"https:\/\/opoka.gliwice.pl\/index.php\/wp-json\/wp\/v2\/pages\/202\/revisions"}],"predecessor-version":[{"id":460,"href":"https:\/\/opoka.gliwice.pl\/index.php\/wp-json\/wp\/v2\/pages\/202\/revisions\/460"}],"wp:attachment":[{"href":"https:\/\/opoka.gliwice.pl\/index.php\/wp-json\/wp\/v2\/media?parent=202"}],"curies":[{"name":"wp","href":"https:\/\/api.w.org\/{rel}","templated":true}]}}